{"id":17072,"date":"2023-01-04T12:37:53","date_gmt":"2023-01-04T11:37:53","guid":{"rendered":"https:\/\/www.nubeocho.com\/?post_type=product&#038;p=17072"},"modified":"2024-07-09T10:28:20","modified_gmt":"2024-07-09T08:28:20","slug":"olivia-wolf-and-the-moldy-sandwich-copia","status":"publish","type":"product","link":"https:\/\/www.nubeocho.com\/en\/product\/olivia-wolf-and-the-moldy-sandwich-copia\/","title":{"rendered":"Olivia Wolf. El s\u00e1ndwich con extra de moho"},"content":{"rendered":"<p>En Engendroland los monstruos y los humanos conviven en paz. Pero un d\u00eda, en el colegio, desaparece un profesor. Olivia, una ni\u00f1a loba muy curiosa y valiente, investiga el misterio con sus amigos Bela la vampira, Fred la mosca, Sam el hombre invisible, Elliot el humano\u2026 Juntos se enfrentar\u00e1n a grandes peligros.<\/p>\n","protected":false},"excerpt":{"rendered":"<p>\u00a1Primer n\u00famero de la colecci\u00f3n Olivia Wolf! Un c\u00f3mic divertido y monstruoso. Ven a conocer a la ni\u00f1a loba Olivia Wolf y a todas y todos sus monstruosos amigos. \u00a1No hay d\u00edas aburridos en Engendroland!<\/p>\n","protected":false},"featured_media":17056,"template":"","meta":[],"product_brand":[],"product_cat":[619,620],"product_tag":[1470,1633],"class_list":{"0":"post-17072","1":"product","2":"type-product","3":"status-publish","4":"has-post-thumbnail","6":"colecciones-comic-en","7":"edades-7-en","8":"product_cat-catalogue","9":"product_cat-comic-en","10":"product_tag-amistad","11":"product_tag-humor-en","13":"first","14":"instock","15":"taxable","16":"shipping-taxable","17":"product-type-simple"},"acf":[],"_links":{"self":[{"href":"https:\/\/www.nubeocho.com\/en\/wp-json\/wp\/v2\/product\/17072","targetHints":{"allow":["GET"]}}],"collection":[{"href":"https:\/\/www.nubeocho.com\/en\/wp-json\/wp\/v2\/product"}],"about":[{"href":"https:\/\/www.nubeocho.com\/en\/wp-json\/wp\/v2\/types\/product"}],"wp:featuredmedia":[{"embeddable":true,"href":"https:\/\/www.nubeocho.com\/en\/wp-json\/wp\/v2\/media\/17056"}],"wp:attachment":[{"href":"https:\/\/www.nubeocho.com\/en\/wp-json\/wp\/v2\/media?parent=17072"}],"wp:term":[{"taxonomy":"product_brand","embeddable":true,"href":"https:\/\/www.nubeocho.com\/en\/wp-json\/wp\/v2\/product_brand?post=17072"},{"taxonomy":"product_cat","embeddable":true,"href":"https:\/\/www.nubeocho.com\/en\/wp-json\/wp\/v2\/product_cat?post=17072"},{"taxonomy":"product_tag","embeddable":true,"href":"https:\/\/www.nubeocho.com\/en\/wp-json\/wp\/v2\/product_tag?post=17072"}],"curies":[{"name":"wp","href":"https:\/\/api.w.org\/{rel}","templated":true}]}}