{"id":16956,"date":"2022-10-11T09:48:11","date_gmt":"2022-10-11T07:48:11","guid":{"rendered":"https:\/\/www.nubeocho.com\/?post_type=product&#038;p=16956"},"modified":"2025-01-08T11:46:14","modified_gmt":"2025-01-08T10:46:14","slug":"soy-un-principe","status":"publish","type":"product","link":"https:\/\/www.nubeocho.com\/en\/product\/soy-un-principe\/","title":{"rendered":"\u00a1Soy un pr\u00edncipe!"},"content":{"rendered":"<p>Cerdito encuentra una corona y dice que quiere ser un pr\u00edncipe, pero comienza a molestar a los dem\u00e1s animales del bosque. Sus amigos est\u00e1n hartos de su comportamiento y deciden hablar con \u00e9l.<\/p>\n","protected":false},"excerpt":{"rendered":"<p>Cerdito quiere ser un pr\u00edncipe, pero comienza a dar \u00f3rdenes a todo el mundo y se pone muy pesado. \u00bfSe dar\u00e1 cuenta de que est\u00e1 molestando a los dem\u00e1s animales?<\/p>\n","protected":false},"featured_media":16904,"template":"","meta":[],"product_brand":[],"product_cat":[619,626],"product_tag":[1621,1602,1645,1633],"class_list":{"0":"post-16956","1":"product","2":"type-product","3":"status-publish","4":"has-post-thumbnail","6":"colecciones-somos8-en","7":"edades-3-en","8":"product_cat-catalogue","9":"product_cat-picture-book","10":"product_tag-emotions","11":"product_tag-friendship","12":"product_tag-help-us-to-think","13":"product_tag-humor-en","15":"first","16":"instock","17":"taxable","18":"shipping-taxable","19":"product-type-simple"},"acf":[],"_links":{"self":[{"href":"https:\/\/www.nubeocho.com\/en\/wp-json\/wp\/v2\/product\/16956","targetHints":{"allow":["GET"]}}],"collection":[{"href":"https:\/\/www.nubeocho.com\/en\/wp-json\/wp\/v2\/product"}],"about":[{"href":"https:\/\/www.nubeocho.com\/en\/wp-json\/wp\/v2\/types\/product"}],"wp:featuredmedia":[{"embeddable":true,"href":"https:\/\/www.nubeocho.com\/en\/wp-json\/wp\/v2\/media\/16904"}],"wp:attachment":[{"href":"https:\/\/www.nubeocho.com\/en\/wp-json\/wp\/v2\/media?parent=16956"}],"wp:term":[{"taxonomy":"product_brand","embeddable":true,"href":"https:\/\/www.nubeocho.com\/en\/wp-json\/wp\/v2\/product_brand?post=16956"},{"taxonomy":"product_cat","embeddable":true,"href":"https:\/\/www.nubeocho.com\/en\/wp-json\/wp\/v2\/product_cat?post=16956"},{"taxonomy":"product_tag","embeddable":true,"href":"https:\/\/www.nubeocho.com\/en\/wp-json\/wp\/v2\/product_tag?post=16956"}],"curies":[{"name":"wp","href":"https:\/\/api.w.org\/{rel}","templated":true}]}}