{"id":16951,"date":"2022-10-06T17:42:44","date_gmt":"2022-10-06T15:42:44","guid":{"rendered":"https:\/\/www.nubeocho.com\/?post_type=product&#038;p=16951"},"modified":"2024-05-10T12:41:12","modified_gmt":"2024-05-10T10:41:12","slug":"una-caja","status":"publish","type":"product","link":"https:\/\/www.nubeocho.com\/en\/product\/una-caja\/","title":{"rendered":"Una caja"},"content":{"rendered":"<p>La cartera, la se\u00f1ora Nariz Rosa, entrega una caja a los hermanos Fu y Bo. Pero su pap\u00e1 no est\u00e1 y ellos tienen mucha curiosidad. Toda la ma\u00f1ana y hasta que su padre llega del trabajo, los hermanos imaginan, piensan y sue\u00f1an un sinf\u00edn de posibilidades sobre lo que puede contener la caja.<\/p>\n","protected":false},"excerpt":{"rendered":"<p>Los hermanos Bu y Fo reciben una caja para su padre. La se\u00f1ora Nariz Rosa les dice que es m\u00e1gica y que no la pueden abrir. No saben qu\u00e9 hacer\u2026 \u00bfAbrirla o no abrirla?<\/p>\n","protected":false},"featured_media":16869,"template":"","meta":[],"product_brand":[],"product_cat":[619,626],"product_tag":[1621,1627,1645],"class_list":{"0":"post-16951","1":"product","2":"type-product","3":"status-publish","4":"has-post-thumbnail","6":"colecciones-somos8-en","7":"edades-3-en","8":"product_cat-catalogue","9":"product_cat-picture-book","10":"product_tag-emotions","11":"product_tag-family","12":"product_tag-help-us-to-think","14":"first","15":"instock","16":"taxable","17":"shipping-taxable","18":"product-type-simple"},"acf":[],"_links":{"self":[{"href":"https:\/\/www.nubeocho.com\/en\/wp-json\/wp\/v2\/product\/16951","targetHints":{"allow":["GET"]}}],"collection":[{"href":"https:\/\/www.nubeocho.com\/en\/wp-json\/wp\/v2\/product"}],"about":[{"href":"https:\/\/www.nubeocho.com\/en\/wp-json\/wp\/v2\/types\/product"}],"wp:featuredmedia":[{"embeddable":true,"href":"https:\/\/www.nubeocho.com\/en\/wp-json\/wp\/v2\/media\/16869"}],"wp:attachment":[{"href":"https:\/\/www.nubeocho.com\/en\/wp-json\/wp\/v2\/media?parent=16951"}],"wp:term":[{"taxonomy":"product_brand","embeddable":true,"href":"https:\/\/www.nubeocho.com\/en\/wp-json\/wp\/v2\/product_brand?post=16951"},{"taxonomy":"product_cat","embeddable":true,"href":"https:\/\/www.nubeocho.com\/en\/wp-json\/wp\/v2\/product_cat?post=16951"},{"taxonomy":"product_tag","embeddable":true,"href":"https:\/\/www.nubeocho.com\/en\/wp-json\/wp\/v2\/product_tag?post=16951"}],"curies":[{"name":"wp","href":"https:\/\/api.w.org\/{rel}","templated":true}]}}