{"id":16947,"date":"2022-10-06T16:00:03","date_gmt":"2022-10-06T14:00:03","guid":{"rendered":"https:\/\/www.nubeocho.com\/?post_type=product&#038;p=16947"},"modified":"2023-07-21T14:43:20","modified_gmt":"2023-07-21T12:43:20","slug":"pequena-persona","status":"publish","type":"product","link":"https:\/\/www.nubeocho.com\/en\/product\/pequena-persona\/","title":{"rendered":"Peque\u00f1a persona"},"content":{"rendered":"<div class=\"sinopsisHTML\">\n<p>Un libro po\u00e9tico homenaje a la infancia y a la paternidad. Dedicado a todas las Peque\u00f1as Personas, a sus habilidades e intereses, y al camino que les llevar\u00e1 a convertirse en Grandes Personas.<\/p>\n<p>No hay prisa en crecer, Peque\u00f1a Persona\u2026<\/p>\n<\/div>\n<div>\n<div><\/div>\n<\/div>\n","protected":false},"excerpt":{"rendered":"<p>Una tierna historia que nos traslada al mundo infantil de Peque\u00f1a Persona y c\u00f3mo se va transformando al crecer.<\/p>\n","protected":false},"featured_media":16839,"template":"","meta":[],"product_brand":[],"product_cat":[619,626],"product_tag":[1621,1627,1639],"class_list":{"0":"post-16947","1":"product","2":"type-product","3":"status-publish","4":"has-post-thumbnail","6":"colecciones-somos8-en","7":"edades-3-en","8":"product_cat-catalogue","9":"product_cat-picture-book","10":"product_tag-emotions","11":"product_tag-family","12":"product_tag-fear","14":"first","15":"instock","16":"taxable","17":"shipping-taxable","18":"product-type-simple"},"acf":[],"_links":{"self":[{"href":"https:\/\/www.nubeocho.com\/en\/wp-json\/wp\/v2\/product\/16947","targetHints":{"allow":["GET"]}}],"collection":[{"href":"https:\/\/www.nubeocho.com\/en\/wp-json\/wp\/v2\/product"}],"about":[{"href":"https:\/\/www.nubeocho.com\/en\/wp-json\/wp\/v2\/types\/product"}],"wp:featuredmedia":[{"embeddable":true,"href":"https:\/\/www.nubeocho.com\/en\/wp-json\/wp\/v2\/media\/16839"}],"wp:attachment":[{"href":"https:\/\/www.nubeocho.com\/en\/wp-json\/wp\/v2\/media?parent=16947"}],"wp:term":[{"taxonomy":"product_brand","embeddable":true,"href":"https:\/\/www.nubeocho.com\/en\/wp-json\/wp\/v2\/product_brand?post=16947"},{"taxonomy":"product_cat","embeddable":true,"href":"https:\/\/www.nubeocho.com\/en\/wp-json\/wp\/v2\/product_cat?post=16947"},{"taxonomy":"product_tag","embeddable":true,"href":"https:\/\/www.nubeocho.com\/en\/wp-json\/wp\/v2\/product_tag?post=16947"}],"curies":[{"name":"wp","href":"https:\/\/api.w.org\/{rel}","templated":true}]}}