{"id":16769,"date":"2022-09-28T09:54:49","date_gmt":"2022-09-28T07:54:49","guid":{"rendered":"https:\/\/www.nubeocho.com\/?post_type=product&#038;p=16769"},"modified":"2023-07-21T14:45:04","modified_gmt":"2023-07-21T12:45:04","slug":"hay-una-vaca-en-mi-cama","status":"publish","type":"product","link":"https:\/\/www.nubeocho.com\/en\/product\/hay-una-vaca-en-mi-cama\/","title":{"rendered":"Hay una vaca en mi cama"},"content":{"rendered":"<p>Antes de dormir, la peque\u00f1a protagonista dice que en su cama hay una vaca. \u00bfEs posible? Cuando su padre va a la habitaci\u00f3n, all\u00ed no hay nadie. \u201cPap\u00e1, es que ahora la vaca est\u00e1 jugando al escondite con un elefante y un pato\u201d.<\/p>\n<p>Una divertida historia antes de dormir. \u00bfSer\u00e1 todo fruto de la imaginaci\u00f3n de la ni\u00f1a?<\/p>\n","protected":false},"excerpt":{"rendered":"<p>Excusas para no ir a dormir. Pero\u2026 \u00bfY si de verdad hubiera una vaca en su cama?<\/p>\n","protected":false},"featured_media":16761,"template":"","meta":[],"product_brand":[],"product_cat":[619,626],"product_tag":[1627,1633,1606],"class_list":{"0":"post-16769","1":"product","2":"type-product","3":"status-publish","4":"has-post-thumbnail","6":"colecciones-somos8-en","7":"edades-3-en","8":"product_cat-catalogue","9":"product_cat-picture-book","10":"product_tag-family","11":"product_tag-humor-en","12":"product_tag-international-authors","14":"first","15":"instock","16":"taxable","17":"shipping-taxable","18":"product-type-simple"},"acf":[],"_links":{"self":[{"href":"https:\/\/www.nubeocho.com\/en\/wp-json\/wp\/v2\/product\/16769","targetHints":{"allow":["GET"]}}],"collection":[{"href":"https:\/\/www.nubeocho.com\/en\/wp-json\/wp\/v2\/product"}],"about":[{"href":"https:\/\/www.nubeocho.com\/en\/wp-json\/wp\/v2\/types\/product"}],"wp:featuredmedia":[{"embeddable":true,"href":"https:\/\/www.nubeocho.com\/en\/wp-json\/wp\/v2\/media\/16761"}],"wp:attachment":[{"href":"https:\/\/www.nubeocho.com\/en\/wp-json\/wp\/v2\/media?parent=16769"}],"wp:term":[{"taxonomy":"product_brand","embeddable":true,"href":"https:\/\/www.nubeocho.com\/en\/wp-json\/wp\/v2\/product_brand?post=16769"},{"taxonomy":"product_cat","embeddable":true,"href":"https:\/\/www.nubeocho.com\/en\/wp-json\/wp\/v2\/product_cat?post=16769"},{"taxonomy":"product_tag","embeddable":true,"href":"https:\/\/www.nubeocho.com\/en\/wp-json\/wp\/v2\/product_tag?post=16769"}],"curies":[{"name":"wp","href":"https:\/\/api.w.org\/{rel}","templated":true}]}}