{"id":16669,"date":"2022-09-12T11:54:21","date_gmt":"2022-09-12T09:54:21","guid":{"rendered":"https:\/\/www.nubeocho.com\/?post_type=product&#038;p=16669"},"modified":"2025-01-09T08:15:18","modified_gmt":"2025-01-09T07:15:18","slug":"soy-solo-mia","status":"publish","type":"product","link":"https:\/\/www.nubeocho.com\/en\/product\/soy-solo-mia\/","title":{"rendered":"Soy solo m\u00eda"},"content":{"rendered":"<p>Rat\u00f3n pregunta a Ratona: \u201c\u00bfPor qu\u00e9 te vistes as\u00ed? Ponte esto\u201d o \u201c\u00bfQu\u00e9 habr\u00e1s hecho para conseguir un ascenso en el trabajo?\u201d. Rat\u00f3n se est\u00e1 convirtiendo en un gato. El proceso es lento pero cada vez m\u00e1s evidente. Ratona sabe que no es feliz y no entiende c\u00f3mo su rom\u00e1ntica historia de amor ha acabado convertida en una historia de terror. Tiene miedo. Pero pronto abrir\u00e1 los ojos y lograr\u00e1 escapar de la madriguera.<\/p>\n<p><a href=\"https:\/\/www.nubeocho.com\/wp-content\/uploads\/2017\/04\/Sin-ti\u0301tulo-1-copia.jpg\"><img loading=\"lazy\" decoding=\"async\" class=\"alignnone size-large wp-image-19778\" src=\"https:\/\/www.nubeocho.com\/wp-content\/uploads\/2017\/04\/Sin-ti\u0301tulo-1-copia-1024x214.jpg\" alt=\"\" width=\"1024\" height=\"214\" srcset=\"https:\/\/www.nubeocho.com\/wp-content\/uploads\/2017\/04\/Sin-ti\u0301tulo-1-copia-1024x214.jpg 1024w, https:\/\/www.nubeocho.com\/wp-content\/uploads\/2017\/04\/Sin-ti\u0301tulo-1-copia-300x63.jpg 300w, https:\/\/www.nubeocho.com\/wp-content\/uploads\/2017\/04\/Sin-ti\u0301tulo-1-copia-768x161.jpg 768w, https:\/\/www.nubeocho.com\/wp-content\/uploads\/2017\/04\/Sin-ti\u0301tulo-1-copia-320x67.jpg 320w, https:\/\/www.nubeocho.com\/wp-content\/uploads\/2017\/04\/Sin-ti\u0301tulo-1-copia-600x125.jpg 600w, https:\/\/www.nubeocho.com\/wp-content\/uploads\/2017\/04\/Sin-ti\u0301tulo-1-copia.jpg 1382w\" sizes=\"auto, (max-width: 1024px) 100vw, 1024px\" \/><\/a><\/p>\n","protected":false},"excerpt":{"rendered":"<p>Hablar de maltrato y violencia de g\u00e9nero es una importante herramienta de prevenci\u00f3n. Ratona aprender\u00e1 y no olvidar\u00e1 la premisa: &#8220;No soy tuya ni de nadie, soy solo m\u00eda&#8221;.<\/p>\n","protected":false},"featured_media":16617,"template":"","meta":[],"product_brand":[],"product_cat":[619,626],"product_tag":[1621,1636,1645],"class_list":{"0":"post-16669","1":"product","2":"type-product","3":"status-publish","4":"has-post-thumbnail","6":"colecciones-egalite-en","7":"edades-8-en","8":"product_cat-catalogue","9":"product_cat-picture-book","10":"product_tag-emotions","11":"product_tag-equality-feminism","12":"product_tag-help-us-to-think","14":"first","15":"instock","16":"taxable","17":"shipping-taxable","18":"product-type-simple"},"acf":[],"_links":{"self":[{"href":"https:\/\/www.nubeocho.com\/en\/wp-json\/wp\/v2\/product\/16669","targetHints":{"allow":["GET"]}}],"collection":[{"href":"https:\/\/www.nubeocho.com\/en\/wp-json\/wp\/v2\/product"}],"about":[{"href":"https:\/\/www.nubeocho.com\/en\/wp-json\/wp\/v2\/types\/product"}],"wp:featuredmedia":[{"embeddable":true,"href":"https:\/\/www.nubeocho.com\/en\/wp-json\/wp\/v2\/media\/16617"}],"wp:attachment":[{"href":"https:\/\/www.nubeocho.com\/en\/wp-json\/wp\/v2\/media?parent=16669"}],"wp:term":[{"taxonomy":"product_brand","embeddable":true,"href":"https:\/\/www.nubeocho.com\/en\/wp-json\/wp\/v2\/product_brand?post=16669"},{"taxonomy":"product_cat","embeddable":true,"href":"https:\/\/www.nubeocho.com\/en\/wp-json\/wp\/v2\/product_cat?post=16669"},{"taxonomy":"product_tag","embeddable":true,"href":"https:\/\/www.nubeocho.com\/en\/wp-json\/wp\/v2\/product_tag?post=16669"}],"curies":[{"name":"wp","href":"https:\/\/api.w.org\/{rel}","templated":true}]}}