{"id":16653,"date":"2022-09-05T11:34:12","date_gmt":"2022-09-05T09:34:12","guid":{"rendered":"https:\/\/www.nubeocho.com\/?post_type=product&#038;p=16653"},"modified":"2026-02-18T12:28:29","modified_gmt":"2026-02-18T11:28:29","slug":"ainhoa-revoltosa","status":"publish","type":"product","link":"https:\/\/www.nubeocho.com\/en\/product\/ainhoa-revoltosa\/","title":{"rendered":"Ainhoa revoltosa"},"content":{"rendered":"<p>Ainhoa y su familia no saben por qu\u00e9 se cae tanto. Por fin, la doctora descubre que la ni\u00f1a tiene una enfermedad que afecta a sus m\u00fasculos.<\/p>\n<p class=\"ql-align-justify\">Con el tiempo, Ainhoa ir\u00e1 en silla de ruedas. Pero eso no la impide ser&#8230; \u00a1la m\u00e1s traviesa de los tres hermanos!<\/p>\n<p><a href=\"https:\/\/www.nubeocho.com\/wp-content\/uploads\/2017\/04\/Sin-ti\u0301tulo-1-copia.jpg\"><img loading=\"lazy\" decoding=\"async\" class=\"alignnone size-large wp-image-19778\" src=\"https:\/\/www.nubeocho.com\/wp-content\/uploads\/2017\/04\/Sin-ti\u0301tulo-1-copia-1024x214.jpg\" alt=\"\" width=\"1024\" height=\"214\" srcset=\"https:\/\/www.nubeocho.com\/wp-content\/uploads\/2017\/04\/Sin-ti\u0301tulo-1-copia-1024x214.jpg 1024w, https:\/\/www.nubeocho.com\/wp-content\/uploads\/2017\/04\/Sin-ti\u0301tulo-1-copia-300x63.jpg 300w, https:\/\/www.nubeocho.com\/wp-content\/uploads\/2017\/04\/Sin-ti\u0301tulo-1-copia-768x161.jpg 768w, https:\/\/www.nubeocho.com\/wp-content\/uploads\/2017\/04\/Sin-ti\u0301tulo-1-copia-320x67.jpg 320w, https:\/\/www.nubeocho.com\/wp-content\/uploads\/2017\/04\/Sin-ti\u0301tulo-1-copia-600x125.jpg 600w, https:\/\/www.nubeocho.com\/wp-content\/uploads\/2017\/04\/Sin-ti\u0301tulo-1-copia.jpg 1382w\" sizes=\"auto, (max-width: 1024px) 100vw, 1024px\" \/><\/a><\/p>\n","protected":false},"excerpt":{"rendered":"<p>Una historia sincera y divertida, inspirada en hechos reales.<\/p>\n","protected":false},"featured_media":15989,"template":"","meta":[],"product_brand":[],"product_cat":[619,626],"product_tag":[1615,1627],"class_list":{"0":"post-16653","1":"product","2":"type-product","3":"status-publish","4":"has-post-thumbnail","6":"product_cat-catalogue","7":"product_cat-picture-book","8":"product_tag-diversity","9":"product_tag-family","11":"first","12":"instock","13":"taxable","14":"shipping-taxable","15":"product-type-simple"},"acf":[],"_links":{"self":[{"href":"https:\/\/www.nubeocho.com\/en\/wp-json\/wp\/v2\/product\/16653","targetHints":{"allow":["GET"]}}],"collection":[{"href":"https:\/\/www.nubeocho.com\/en\/wp-json\/wp\/v2\/product"}],"about":[{"href":"https:\/\/www.nubeocho.com\/en\/wp-json\/wp\/v2\/types\/product"}],"wp:featuredmedia":[{"embeddable":true,"href":"https:\/\/www.nubeocho.com\/en\/wp-json\/wp\/v2\/media\/15989"}],"wp:attachment":[{"href":"https:\/\/www.nubeocho.com\/en\/wp-json\/wp\/v2\/media?parent=16653"}],"wp:term":[{"taxonomy":"product_brand","embeddable":true,"href":"https:\/\/www.nubeocho.com\/en\/wp-json\/wp\/v2\/product_brand?post=16653"},{"taxonomy":"product_cat","embeddable":true,"href":"https:\/\/www.nubeocho.com\/en\/wp-json\/wp\/v2\/product_cat?post=16653"},{"taxonomy":"product_tag","embeddable":true,"href":"https:\/\/www.nubeocho.com\/en\/wp-json\/wp\/v2\/product_tag?post=16653"}],"curies":[{"name":"wp","href":"https:\/\/api.w.org\/{rel}","templated":true}]}}