{"id":16541,"date":"2022-08-31T09:55:09","date_gmt":"2022-08-31T07:55:09","guid":{"rendered":"https:\/\/www.nubeocho.com\/?post_type=product&#038;p=16541"},"modified":"2025-06-30T11:22:48","modified_gmt":"2025-06-30T09:22:48","slug":"el-rebano","status":"publish","type":"product","link":"https:\/\/www.nubeocho.com\/en\/product\/el-rebano\/","title":{"rendered":"El reba\u00f1o"},"content":{"rendered":"<p>A Miguel le cuesta dormir. Cada noche cuenta ovejas que saltan una valla. Primero salta la oveja Una, luego Dos, Tres y as\u00ed hasta que Miguel se duerme.<\/p>\n<p>Pero una noche, la oveja Cuatro dice que est\u00e1 cansada de saltar. \u201c\u00a1No! \u00a1No! \u00a1Y no!\u201d, grita cuando la intentan convencer. \u00bfQu\u00e9 pueden hacer las dem\u00e1s ovejas del reba\u00f1o?<\/p>\n","protected":false},"excerpt":{"rendered":"<p>Ser parte de un reba\u00f1o es f\u00e1cil, solo hay que hacer lo que hace el resto. Pero la oveja Cuatro se aburre y decide no seguir a las dem\u00e1s. \u00bfPodr\u00e1 dormir Miguel?<\/p>\n","protected":false},"featured_media":21354,"template":"","meta":[],"product_brand":[],"product_cat":[619,626],"product_tag":[1615,1621,1627,1633],"class_list":{"0":"post-16541","1":"product","2":"type-product","3":"status-publish","4":"has-post-thumbnail","6":"colecciones-somos8-en","7":"edades-3-en","8":"product_cat-catalogue","9":"product_cat-picture-book","10":"product_tag-diversity","11":"product_tag-emotions","12":"product_tag-family","13":"product_tag-humor-en","15":"first","16":"instock","17":"taxable","18":"shipping-taxable","19":"product-type-simple"},"acf":[],"_links":{"self":[{"href":"https:\/\/www.nubeocho.com\/en\/wp-json\/wp\/v2\/product\/16541","targetHints":{"allow":["GET"]}}],"collection":[{"href":"https:\/\/www.nubeocho.com\/en\/wp-json\/wp\/v2\/product"}],"about":[{"href":"https:\/\/www.nubeocho.com\/en\/wp-json\/wp\/v2\/types\/product"}],"wp:featuredmedia":[{"embeddable":true,"href":"https:\/\/www.nubeocho.com\/en\/wp-json\/wp\/v2\/media\/21354"}],"wp:attachment":[{"href":"https:\/\/www.nubeocho.com\/en\/wp-json\/wp\/v2\/media?parent=16541"}],"wp:term":[{"taxonomy":"product_brand","embeddable":true,"href":"https:\/\/www.nubeocho.com\/en\/wp-json\/wp\/v2\/product_brand?post=16541"},{"taxonomy":"product_cat","embeddable":true,"href":"https:\/\/www.nubeocho.com\/en\/wp-json\/wp\/v2\/product_cat?post=16541"},{"taxonomy":"product_tag","embeddable":true,"href":"https:\/\/www.nubeocho.com\/en\/wp-json\/wp\/v2\/product_tag?post=16541"}],"curies":[{"name":"wp","href":"https:\/\/api.w.org\/{rel}","templated":true}]}}