{"id":16441,"date":"2016-01-13T12:30:19","date_gmt":"2016-01-13T11:30:19","guid":{"rendered":"https:\/\/www.nubeocho.com\/?post_type=product&#038;p=16441"},"modified":"2023-07-24T09:41:02","modified_gmt":"2023-07-24T07:41:02","slug":"no-me-invitaron-al-cumpleanos","status":"publish","type":"product","link":"https:\/\/www.nubeocho.com\/en\/product\/no-me-invitaron-al-cumpleanos\/","title":{"rendered":"No me invitaron al cumplea\u00f1os"},"content":{"rendered":"<p>Es la fiesta de cumplea\u00f1os de un ni\u00f1o, pero Marc no est\u00e1 invitado y se siente triste\u2026<\/p>\n<p>Sin embargo, cuando la ballena del sombrero llega buscando a ni\u00f1as y ni\u00f1os que no fueron invitados, una m\u00e1gica historia comienza.<\/p>\n","protected":false},"excerpt":{"rendered":"<p>Cuando no nos invitan a un cumplea\u00f1os, podemos sentirnos excluidos. Pero no tenemos que estar tristes, siempre hay cosas muy divertidas que hacer. \u00bfHas o\u00eddo hablar de las fiestas de no-cumplea\u00f1os?<\/p>\n","protected":false},"featured_media":16442,"template":"","meta":[],"product_brand":[],"product_cat":[619,626],"product_tag":[1621,1602,1645],"class_list":{"0":"post-16441","1":"product","2":"type-product","3":"status-publish","4":"has-post-thumbnail","6":"product_cat-catalogue","7":"product_cat-picture-book","8":"product_tag-emotions","9":"product_tag-friendship","10":"product_tag-help-us-to-think","12":"first","13":"instock","14":"product-type-simple"},"acf":[],"_links":{"self":[{"href":"https:\/\/www.nubeocho.com\/en\/wp-json\/wp\/v2\/product\/16441","targetHints":{"allow":["GET"]}}],"collection":[{"href":"https:\/\/www.nubeocho.com\/en\/wp-json\/wp\/v2\/product"}],"about":[{"href":"https:\/\/www.nubeocho.com\/en\/wp-json\/wp\/v2\/types\/product"}],"wp:featuredmedia":[{"embeddable":true,"href":"https:\/\/www.nubeocho.com\/en\/wp-json\/wp\/v2\/media\/16442"}],"wp:attachment":[{"href":"https:\/\/www.nubeocho.com\/en\/wp-json\/wp\/v2\/media?parent=16441"}],"wp:term":[{"taxonomy":"product_brand","embeddable":true,"href":"https:\/\/www.nubeocho.com\/en\/wp-json\/wp\/v2\/product_brand?post=16441"},{"taxonomy":"product_cat","embeddable":true,"href":"https:\/\/www.nubeocho.com\/en\/wp-json\/wp\/v2\/product_cat?post=16441"},{"taxonomy":"product_tag","embeddable":true,"href":"https:\/\/www.nubeocho.com\/en\/wp-json\/wp\/v2\/product_tag?post=16441"}],"curies":[{"name":"wp","href":"https:\/\/api.w.org\/{rel}","templated":true}]}}