{"id":16250,"date":"2022-02-23T12:08:39","date_gmt":"2022-02-23T11:08:39","guid":{"rendered":"https:\/\/www.nubeocho.com\/?post_type=product&#038;p=16250"},"modified":"2026-03-12T10:54:23","modified_gmt":"2026-03-12T09:54:23","slug":"superheroinas-y-superheroes-manual-de-instrucciones","status":"publish","type":"product","link":"https:\/\/www.nubeocho.com\/en\/product\/superheroinas-y-superheroes-manual-de-instrucciones\/","title":{"rendered":"Superhero\u00ednas y superh\u00e9roes. Manual de instrucciones"},"content":{"rendered":"<p>\u00bfEst\u00e1s pensando en convertirte en superh\u00e9roe o superhero\u00edna? Es un trabajo muy duro, pero con estas \u00fatiles instrucciones ser\u00e1 mucho m\u00e1s f\u00e1cil. Este manual te ayudar\u00e1 a elegir tu supertraje o a decidir cu\u00e1l es el mejor superpoder, quiz\u00e1 quieras saber c\u00f3mo formar un supergrupo o qu\u00e9 lugar es mejor como base secreta\u2026 Aqu\u00ed encontrar\u00e1s todo lo que hay que saber para ser el superh\u00e9roe que siempre has querido ser.<\/p>\n<p><a href=\"https:\/\/www.nubeocho.com\/wp-content\/uploads\/2017\/04\/Sin-ti\u0301tulo-1-copia.jpg\"><img loading=\"lazy\" decoding=\"async\" class=\"alignnone size-large wp-image-19778\" src=\"https:\/\/www.nubeocho.com\/wp-content\/uploads\/2017\/04\/Sin-ti\u0301tulo-1-copia-1024x214.jpg\" alt=\"\" width=\"1024\" height=\"214\" srcset=\"https:\/\/www.nubeocho.com\/wp-content\/uploads\/2017\/04\/Sin-ti\u0301tulo-1-copia-1024x214.jpg 1024w, https:\/\/www.nubeocho.com\/wp-content\/uploads\/2017\/04\/Sin-ti\u0301tulo-1-copia-300x63.jpg 300w, https:\/\/www.nubeocho.com\/wp-content\/uploads\/2017\/04\/Sin-ti\u0301tulo-1-copia-768x161.jpg 768w, https:\/\/www.nubeocho.com\/wp-content\/uploads\/2017\/04\/Sin-ti\u0301tulo-1-copia-320x67.jpg 320w, https:\/\/www.nubeocho.com\/wp-content\/uploads\/2017\/04\/Sin-ti\u0301tulo-1-copia-600x125.jpg 600w, https:\/\/www.nubeocho.com\/wp-content\/uploads\/2017\/04\/Sin-ti\u0301tulo-1-copia.jpg 1382w\" sizes=\"auto, (max-width: 1024px) 100vw, 1024px\" \/><\/a><\/p>\n","protected":false},"excerpt":{"rendered":"<p>\u00bfQuieres detener un meteorito que est\u00e1 a punto de caer a la tierra? \u00bfO evitar un accidente de tren? Con este sencillo manual podr\u00e1s convertirte en un gran superh\u00e9roe o superhero\u00edna.<\/p>\n","protected":false},"featured_media":16252,"template":"","meta":[],"product_brand":[],"product_cat":[619,626],"product_tag":[1602,1633,1606],"class_list":{"0":"post-16250","1":"product","2":"type-product","3":"status-publish","4":"has-post-thumbnail","6":"colecciones-somos8-en","7":"edades-5-en","8":"product_cat-catalogue","9":"product_cat-picture-book","10":"product_tag-friendship","11":"product_tag-humor-en","12":"product_tag-international-authors","14":"first","15":"instock","16":"taxable","17":"shipping-taxable","18":"product-type-simple"},"acf":[],"_links":{"self":[{"href":"https:\/\/www.nubeocho.com\/en\/wp-json\/wp\/v2\/product\/16250","targetHints":{"allow":["GET"]}}],"collection":[{"href":"https:\/\/www.nubeocho.com\/en\/wp-json\/wp\/v2\/product"}],"about":[{"href":"https:\/\/www.nubeocho.com\/en\/wp-json\/wp\/v2\/types\/product"}],"wp:featuredmedia":[{"embeddable":true,"href":"https:\/\/www.nubeocho.com\/en\/wp-json\/wp\/v2\/media\/16252"}],"wp:attachment":[{"href":"https:\/\/www.nubeocho.com\/en\/wp-json\/wp\/v2\/media?parent=16250"}],"wp:term":[{"taxonomy":"product_brand","embeddable":true,"href":"https:\/\/www.nubeocho.com\/en\/wp-json\/wp\/v2\/product_brand?post=16250"},{"taxonomy":"product_cat","embeddable":true,"href":"https:\/\/www.nubeocho.com\/en\/wp-json\/wp\/v2\/product_cat?post=16250"},{"taxonomy":"product_tag","embeddable":true,"href":"https:\/\/www.nubeocho.com\/en\/wp-json\/wp\/v2\/product_tag?post=16250"}],"curies":[{"name":"wp","href":"https:\/\/api.w.org\/{rel}","templated":true}]}}