{"id":16245,"date":"2022-02-22T14:58:50","date_gmt":"2022-02-22T13:58:50","guid":{"rendered":"https:\/\/www.nubeocho.com\/?post_type=product&#038;p=16245"},"modified":"2024-05-10T12:45:51","modified_gmt":"2024-05-10T10:45:51","slug":"ten-cuidado-bruno","status":"publish","type":"product","link":"https:\/\/www.nubeocho.com\/en\/product\/ten-cuidado-bruno\/","title":{"rendered":"\u00a1Ten cuidado, Bruno!"},"content":{"rendered":"<p>Los padres de Bruno le quieren mucho, pero tanto le protegen que no le permiten ser \u00e9l mismo ni divertirse como otros ni\u00f1os. Siempre ven alg\u00fan peligro. \u00bfC\u00f3mo conseguir\u00e1 Bruno que le dejen tirarse por el tobog\u00e1n o saltar en los charcos?<\/p>\n","protected":false},"excerpt":{"rendered":"<p>Una divertid\u00edsima historia sobre la sobreprotecci\u00f3n que ejercen muchos padres con sus hijos e hijas.\u00a0 Unas claves para entender que no pasa nada porque a veces se mojen, se ensucien o pasen un poco de fr\u00edo o calor.<\/p>\n","protected":false},"featured_media":15266,"template":"","meta":[],"product_brand":[],"product_cat":[619,626],"product_tag":[1627,1633],"class_list":{"0":"post-16245","1":"product","2":"type-product","3":"status-publish","4":"has-post-thumbnail","6":"colecciones-somos8-en","7":"edades-4-en","8":"product_cat-catalogue","9":"product_cat-picture-book","10":"product_tag-family","11":"product_tag-humor-en","13":"first","14":"instock","15":"taxable","16":"shipping-taxable","17":"product-type-simple"},"acf":[],"_links":{"self":[{"href":"https:\/\/www.nubeocho.com\/en\/wp-json\/wp\/v2\/product\/16245","targetHints":{"allow":["GET"]}}],"collection":[{"href":"https:\/\/www.nubeocho.com\/en\/wp-json\/wp\/v2\/product"}],"about":[{"href":"https:\/\/www.nubeocho.com\/en\/wp-json\/wp\/v2\/types\/product"}],"wp:featuredmedia":[{"embeddable":true,"href":"https:\/\/www.nubeocho.com\/en\/wp-json\/wp\/v2\/media\/15266"}],"wp:attachment":[{"href":"https:\/\/www.nubeocho.com\/en\/wp-json\/wp\/v2\/media?parent=16245"}],"wp:term":[{"taxonomy":"product_brand","embeddable":true,"href":"https:\/\/www.nubeocho.com\/en\/wp-json\/wp\/v2\/product_brand?post=16245"},{"taxonomy":"product_cat","embeddable":true,"href":"https:\/\/www.nubeocho.com\/en\/wp-json\/wp\/v2\/product_cat?post=16245"},{"taxonomy":"product_tag","embeddable":true,"href":"https:\/\/www.nubeocho.com\/en\/wp-json\/wp\/v2\/product_tag?post=16245"}],"curies":[{"name":"wp","href":"https:\/\/api.w.org\/{rel}","templated":true}]}}