{"id":16241,"date":"2022-02-18T14:51:43","date_gmt":"2022-02-18T13:51:43","guid":{"rendered":"https:\/\/www.nubeocho.com\/?post_type=product&#038;p=16241"},"modified":"2024-05-10T12:44:04","modified_gmt":"2024-05-10T10:44:04","slug":"la-falda-morada-de-leo","status":"publish","type":"product","link":"https:\/\/www.nubeocho.com\/en\/product\/la-falda-morada-de-leo\/","title":{"rendered":"La falda morada de Leo"},"content":{"rendered":"<p>A Leo le encanta disfrazarse. De pirata de superh\u00e9roe, de caballero\u2026 Tambi\u00e9n le gusta ponerse una falda morada, pero el d\u00eda en que decidi\u00f3 salir a la calle con ella, una se\u00f1ora mayor pens\u00f3 que Leo era una ni\u00f1a y \u00e9l se enfad\u00f3 mucho. \u00bfNo puede un ni\u00f1o jugar y ponerse una falda? Hace a\u00f1os, a las ni\u00f1as no les dejaban ponerse pantalones, a lo mejor esto es lo mismo&#8230;<\/p>\n","protected":false},"excerpt":{"rendered":"<p>Una reflexi\u00f3n sobre las tradiciones y las divisiones entre la ropa de chico y la de chica. \u00bfPor qu\u00e9 no podemos vestir como nos apetece?<\/p>\n","protected":false},"featured_media":15183,"template":"","meta":[],"product_brand":[],"product_cat":[619,626],"product_tag":[1615,1636,1645],"class_list":{"0":"post-16241","1":"product","2":"type-product","3":"status-publish","4":"has-post-thumbnail","6":"colecciones-egalite-en","7":"edades-4-en","8":"product_cat-catalogue","9":"product_cat-picture-book","10":"product_tag-diversity","11":"product_tag-equality-feminism","12":"product_tag-help-us-to-think","14":"first","15":"instock","16":"taxable","17":"shipping-taxable","18":"product-type-simple"},"acf":[],"_links":{"self":[{"href":"https:\/\/www.nubeocho.com\/en\/wp-json\/wp\/v2\/product\/16241","targetHints":{"allow":["GET"]}}],"collection":[{"href":"https:\/\/www.nubeocho.com\/en\/wp-json\/wp\/v2\/product"}],"about":[{"href":"https:\/\/www.nubeocho.com\/en\/wp-json\/wp\/v2\/types\/product"}],"wp:featuredmedia":[{"embeddable":true,"href":"https:\/\/www.nubeocho.com\/en\/wp-json\/wp\/v2\/media\/15183"}],"wp:attachment":[{"href":"https:\/\/www.nubeocho.com\/en\/wp-json\/wp\/v2\/media?parent=16241"}],"wp:term":[{"taxonomy":"product_brand","embeddable":true,"href":"https:\/\/www.nubeocho.com\/en\/wp-json\/wp\/v2\/product_brand?post=16241"},{"taxonomy":"product_cat","embeddable":true,"href":"https:\/\/www.nubeocho.com\/en\/wp-json\/wp\/v2\/product_cat?post=16241"},{"taxonomy":"product_tag","embeddable":true,"href":"https:\/\/www.nubeocho.com\/en\/wp-json\/wp\/v2\/product_tag?post=16241"}],"curies":[{"name":"wp","href":"https:\/\/api.w.org\/{rel}","templated":true}]}}