{"id":16235,"date":"2022-02-15T14:39:59","date_gmt":"2022-02-15T13:39:59","guid":{"rendered":"https:\/\/www.nubeocho.com\/?post_type=product&#038;p=16235"},"modified":"2024-02-23T10:26:52","modified_gmt":"2024-02-23T09:26:52","slug":"julieta-pedorreta","status":"publish","type":"product","link":"https:\/\/www.nubeocho.com\/en\/product\/julieta-pedorreta\/","title":{"rendered":"Julieta Pedorreta"},"content":{"rendered":"<p>Julieta se tira muchos pedos, no puede evitarlo. Eso hace que en el cole se metan con ella y la llamen \u00a1Julieta pedorreta! Sin embargo, gracias a sus pedos, Julieta salvar\u00e1 a todos sus compa\u00f1eros de un gran peligro durante una excursi\u00f3n al campo.<\/p>\n<p><a href=\"https:\/\/www.nubeocho.com\/wp-content\/uploads\/2021\/02\/Sin-ti\u0301tulo-1-copia.jpg\"><img loading=\"lazy\" decoding=\"async\" class=\"alignnone size-large wp-image-19348\" src=\"https:\/\/www.nubeocho.com\/wp-content\/uploads\/2021\/02\/Sin-ti\u0301tulo-1-copia-1024x214.jpg\" alt=\"\" width=\"1024\" height=\"214\" srcset=\"https:\/\/www.nubeocho.com\/wp-content\/uploads\/2021\/02\/Sin-ti\u0301tulo-1-copia-1024x214.jpg 1024w, https:\/\/www.nubeocho.com\/wp-content\/uploads\/2021\/02\/Sin-ti\u0301tulo-1-copia-300x63.jpg 300w, https:\/\/www.nubeocho.com\/wp-content\/uploads\/2021\/02\/Sin-ti\u0301tulo-1-copia-768x161.jpg 768w, https:\/\/www.nubeocho.com\/wp-content\/uploads\/2021\/02\/Sin-ti\u0301tulo-1-copia-320x67.jpg 320w, https:\/\/www.nubeocho.com\/wp-content\/uploads\/2021\/02\/Sin-ti\u0301tulo-1-copia-600x125.jpg 600w, https:\/\/www.nubeocho.com\/wp-content\/uploads\/2021\/02\/Sin-ti\u0301tulo-1-copia.jpg 1382w\" sizes=\"auto, (max-width: 1024px) 100vw, 1024px\" \/><\/a><\/p>\n","protected":false},"excerpt":{"rendered":"<p>Una divertid\u00edsima historia que nos habla de pedos, pero tambi\u00e9n de tiernos sentimientos, del poder de la amistad y, sobre todo, de c\u00f3mo conseguir que una diferencia se convierta en un gran talento.<\/p>\n","protected":false},"featured_media":15140,"template":"","meta":[],"product_brand":[],"product_cat":[619,626],"product_tag":[1636,1602,1633],"class_list":{"0":"post-16235","1":"product","2":"type-product","3":"status-publish","4":"has-post-thumbnail","6":"colecciones-somos8-en","7":"edades-3-en","8":"product_cat-catalogue","9":"product_cat-picture-book","10":"product_tag-equality-feminism","11":"product_tag-friendship","12":"product_tag-humor-en","14":"first","15":"instock","16":"taxable","17":"shipping-taxable","18":"product-type-simple"},"acf":[],"_links":{"self":[{"href":"https:\/\/www.nubeocho.com\/en\/wp-json\/wp\/v2\/product\/16235","targetHints":{"allow":["GET"]}}],"collection":[{"href":"https:\/\/www.nubeocho.com\/en\/wp-json\/wp\/v2\/product"}],"about":[{"href":"https:\/\/www.nubeocho.com\/en\/wp-json\/wp\/v2\/types\/product"}],"wp:featuredmedia":[{"embeddable":true,"href":"https:\/\/www.nubeocho.com\/en\/wp-json\/wp\/v2\/media\/15140"}],"wp:attachment":[{"href":"https:\/\/www.nubeocho.com\/en\/wp-json\/wp\/v2\/media?parent=16235"}],"wp:term":[{"taxonomy":"product_brand","embeddable":true,"href":"https:\/\/www.nubeocho.com\/en\/wp-json\/wp\/v2\/product_brand?post=16235"},{"taxonomy":"product_cat","embeddable":true,"href":"https:\/\/www.nubeocho.com\/en\/wp-json\/wp\/v2\/product_cat?post=16235"},{"taxonomy":"product_tag","embeddable":true,"href":"https:\/\/www.nubeocho.com\/en\/wp-json\/wp\/v2\/product_tag?post=16235"}],"curies":[{"name":"wp","href":"https:\/\/api.w.org\/{rel}","templated":true}]}}