{"id":16233,"date":"2022-01-22T14:32:06","date_gmt":"2022-01-22T13:32:06","guid":{"rendered":"https:\/\/www.nubeocho.com\/?post_type=product&#038;p=16233"},"modified":"2024-05-10T12:44:37","modified_gmt":"2024-05-10T10:44:37","slug":"la-roca-de-mila-y-carlos","status":"publish","type":"product","link":"https:\/\/www.nubeocho.com\/en\/product\/la-roca-de-mila-y-carlos\/","title":{"rendered":"La roca de Mila y Carlos"},"content":{"rendered":"<p>La foca Mila ha encontrado una roca especial en medio del mar, all\u00ed se siente muy a gusto. Le encanta saltar al agua desde arriba y tambi\u00e9n tumbarse encima a descansar. Un buen d\u00eda, un divertido accidente hizo que conociera a la gaviota Carlos. Juntos compartieron un tiempo precioso en la roca hasta que Carlos tuvo que irse con su familia. Pero \u00bfser\u00e1 la \u00faltima vez que se encuentren?<\/p>\n","protected":false},"excerpt":{"rendered":"<p>Una hermosa historia sobre el nacimiento de una amistad. Cuando la amistad es verdadera, se mantiene sin importar el tiempo que pase o las circunstancias.<\/p>\n","protected":false},"featured_media":15047,"template":"","meta":[],"product_brand":[],"product_cat":[619,626],"product_tag":[1627,1602,1606],"class_list":{"0":"post-16233","1":"product","2":"type-product","3":"status-publish","4":"has-post-thumbnail","6":"colecciones-somos8-en","7":"edades-3-en","8":"product_cat-catalogue","9":"product_cat-picture-book","10":"product_tag-family","11":"product_tag-friendship","12":"product_tag-international-authors","14":"first","15":"instock","16":"taxable","17":"shipping-taxable","18":"product-type-simple"},"acf":[],"_links":{"self":[{"href":"https:\/\/www.nubeocho.com\/en\/wp-json\/wp\/v2\/product\/16233","targetHints":{"allow":["GET"]}}],"collection":[{"href":"https:\/\/www.nubeocho.com\/en\/wp-json\/wp\/v2\/product"}],"about":[{"href":"https:\/\/www.nubeocho.com\/en\/wp-json\/wp\/v2\/types\/product"}],"wp:featuredmedia":[{"embeddable":true,"href":"https:\/\/www.nubeocho.com\/en\/wp-json\/wp\/v2\/media\/15047"}],"wp:attachment":[{"href":"https:\/\/www.nubeocho.com\/en\/wp-json\/wp\/v2\/media?parent=16233"}],"wp:term":[{"taxonomy":"product_brand","embeddable":true,"href":"https:\/\/www.nubeocho.com\/en\/wp-json\/wp\/v2\/product_brand?post=16233"},{"taxonomy":"product_cat","embeddable":true,"href":"https:\/\/www.nubeocho.com\/en\/wp-json\/wp\/v2\/product_cat?post=16233"},{"taxonomy":"product_tag","embeddable":true,"href":"https:\/\/www.nubeocho.com\/en\/wp-json\/wp\/v2\/product_tag?post=16233"}],"curies":[{"name":"wp","href":"https:\/\/api.w.org\/{rel}","templated":true}]}}