{"id":16227,"date":"2022-01-21T14:17:45","date_gmt":"2022-01-21T13:17:45","guid":{"rendered":"https:\/\/www.nubeocho.com\/?post_type=product&#038;p=16227"},"modified":"2024-04-25T11:09:43","modified_gmt":"2024-04-25T09:09:43","slug":"el-fantasma-de-las-bragas-rotas","status":"publish","type":"product","link":"https:\/\/www.nubeocho.com\/en\/product\/el-fantasma-de-las-bragas-rotas\/","title":{"rendered":"El fantasma de las bragas rotas"},"content":{"rendered":"<p>\u2014\u00a1SOY EL FANTASMA DE LAS BRAGAS ROOOTAS!<\/p>\n<p>En Villa Pesadilla, los vecinos no pueden dormir ni vivir tranquilos porque el fantasma de las bragas rotas les asusta a todas horas. Para acabar con este asunto ir\u00e1n a su castillo Mario Bolirrojo, Vera la Bombera\u2026 pero todos huyen despavoridos. \u00bfC\u00f3mo conseguir\u00e1n solucionar el problema del fantasma de las bragas rotas?<\/p>\n<p><a href=\"https:\/\/www.nubeocho.com\/wp-content\/uploads\/2021\/02\/Sin-ti\u0301tulo-1-copia.jpg\"><img loading=\"lazy\" decoding=\"async\" class=\"alignnone size-large wp-image-19348\" src=\"https:\/\/www.nubeocho.com\/wp-content\/uploads\/2021\/02\/Sin-ti\u0301tulo-1-copia-1024x214.jpg\" alt=\"\" width=\"1024\" height=\"214\" srcset=\"https:\/\/www.nubeocho.com\/wp-content\/uploads\/2021\/02\/Sin-ti\u0301tulo-1-copia-1024x214.jpg 1024w, https:\/\/www.nubeocho.com\/wp-content\/uploads\/2021\/02\/Sin-ti\u0301tulo-1-copia-300x63.jpg 300w, https:\/\/www.nubeocho.com\/wp-content\/uploads\/2021\/02\/Sin-ti\u0301tulo-1-copia-768x161.jpg 768w, https:\/\/www.nubeocho.com\/wp-content\/uploads\/2021\/02\/Sin-ti\u0301tulo-1-copia-320x67.jpg 320w, https:\/\/www.nubeocho.com\/wp-content\/uploads\/2021\/02\/Sin-ti\u0301tulo-1-copia-600x125.jpg 600w, https:\/\/www.nubeocho.com\/wp-content\/uploads\/2021\/02\/Sin-ti\u0301tulo-1-copia.jpg 1382w\" sizes=\"auto, (max-width: 1024px) 100vw, 1024px\" \/><\/a><\/p>\n","protected":false},"excerpt":{"rendered":"<p>De la mano de Jos\u00e9 Carlos Andr\u00e9s e ilustrado por G\u00f3mez, y tras el \u00e9xito de <em>Un vampiro<\/em> <em>peligrozo<\/em>, llega un nuevo y divertido monstruo lleno de ternura que conseguir\u00e1 transformar el miedo en risa.<\/p>\n","protected":false},"featured_media":14950,"template":"","meta":[],"product_brand":[],"product_cat":[619,626],"product_tag":[1621,1639,1633],"class_list":{"0":"post-16227","1":"product","2":"type-product","3":"status-publish","4":"has-post-thumbnail","6":"colecciones-monsters","7":"edades-4-en","8":"product_cat-catalogue","9":"product_cat-picture-book","10":"product_tag-emotions","11":"product_tag-fear","12":"product_tag-humor-en","14":"first","15":"instock","16":"taxable","17":"shipping-taxable","18":"product-type-simple"},"acf":[],"_links":{"self":[{"href":"https:\/\/www.nubeocho.com\/en\/wp-json\/wp\/v2\/product\/16227","targetHints":{"allow":["GET"]}}],"collection":[{"href":"https:\/\/www.nubeocho.com\/en\/wp-json\/wp\/v2\/product"}],"about":[{"href":"https:\/\/www.nubeocho.com\/en\/wp-json\/wp\/v2\/types\/product"}],"wp:featuredmedia":[{"embeddable":true,"href":"https:\/\/www.nubeocho.com\/en\/wp-json\/wp\/v2\/media\/14950"}],"wp:attachment":[{"href":"https:\/\/www.nubeocho.com\/en\/wp-json\/wp\/v2\/media?parent=16227"}],"wp:term":[{"taxonomy":"product_brand","embeddable":true,"href":"https:\/\/www.nubeocho.com\/en\/wp-json\/wp\/v2\/product_brand?post=16227"},{"taxonomy":"product_cat","embeddable":true,"href":"https:\/\/www.nubeocho.com\/en\/wp-json\/wp\/v2\/product_cat?post=16227"},{"taxonomy":"product_tag","embeddable":true,"href":"https:\/\/www.nubeocho.com\/en\/wp-json\/wp\/v2\/product_tag?post=16227"}],"curies":[{"name":"wp","href":"https:\/\/api.w.org\/{rel}","templated":true}]}}