{"id":16223,"date":"2022-01-20T14:10:53","date_gmt":"2022-01-20T13:10:53","guid":{"rendered":"https:\/\/www.nubeocho.com\/?post_type=product&#038;p=16223"},"modified":"2023-07-21T14:52:04","modified_gmt":"2023-07-21T12:52:04","slug":"el-lapicero-magico","status":"publish","type":"product","link":"https:\/\/www.nubeocho.com\/en\/product\/el-lapicero-magico\/","title":{"rendered":"El lapicero m\u00e1gico"},"content":{"rendered":"<p class=\"ql-align-justify\">Margarita, Daniel y Carlos ven un gatito hambriento y deciden darle de comer. Su due\u00f1a Garrapata, agradecida, les hace tres regalos m\u00e1gicos: un lapicero, una goma y un sacapuntas. Margarita empieza a dibujar y \u00a1ocurre algo incre\u00edble! Los dibujos se hacen realidad. \u00bfQu\u00e9 elegir\u00e1n dibujar los tres ni\u00f1os?<\/p>\n<p class=\"ql-align-justify\">Una valiente historia de amistad, igualdad y diversidad familiar.<\/p>\n","protected":false},"excerpt":{"rendered":"<p>Cuando Margarita dibuja algo con el lapicero m\u00e1gico \u00a1se hace realidad! Pero, \u00bfqu\u00e9 har\u00e1 cuando quede tan solo un trocito de lapicero?<\/p>\n","protected":false},"featured_media":14557,"template":"","meta":[],"product_brand":[],"product_cat":[619,626],"product_tag":[1615,1627],"class_list":{"0":"post-16223","1":"product","2":"type-product","3":"status-publish","4":"has-post-thumbnail","6":"colecciones-egalite-en","7":"edades-4-en","8":"product_cat-catalogue","9":"product_cat-picture-book","10":"product_tag-diversity","11":"product_tag-family","13":"first","14":"instock","15":"taxable","16":"shipping-taxable","17":"product-type-simple"},"acf":[],"_links":{"self":[{"href":"https:\/\/www.nubeocho.com\/en\/wp-json\/wp\/v2\/product\/16223","targetHints":{"allow":["GET"]}}],"collection":[{"href":"https:\/\/www.nubeocho.com\/en\/wp-json\/wp\/v2\/product"}],"about":[{"href":"https:\/\/www.nubeocho.com\/en\/wp-json\/wp\/v2\/types\/product"}],"wp:featuredmedia":[{"embeddable":true,"href":"https:\/\/www.nubeocho.com\/en\/wp-json\/wp\/v2\/media\/14557"}],"wp:attachment":[{"href":"https:\/\/www.nubeocho.com\/en\/wp-json\/wp\/v2\/media?parent=16223"}],"wp:term":[{"taxonomy":"product_brand","embeddable":true,"href":"https:\/\/www.nubeocho.com\/en\/wp-json\/wp\/v2\/product_brand?post=16223"},{"taxonomy":"product_cat","embeddable":true,"href":"https:\/\/www.nubeocho.com\/en\/wp-json\/wp\/v2\/product_cat?post=16223"},{"taxonomy":"product_tag","embeddable":true,"href":"https:\/\/www.nubeocho.com\/en\/wp-json\/wp\/v2\/product_tag?post=16223"}],"curies":[{"name":"wp","href":"https:\/\/api.w.org\/{rel}","templated":true}]}}