{"id":16199,"date":"2021-11-30T12:54:53","date_gmt":"2021-11-30T11:54:53","guid":{"rendered":"https:\/\/www.nubeocho.com\/?post_type=product&#038;p=16199"},"modified":"2023-07-21T14:53:54","modified_gmt":"2023-07-21T12:53:54","slug":"el-sueno-de-claudia","status":"publish","type":"product","link":"https:\/\/www.nubeocho.com\/en\/product\/el-sueno-de-claudia\/","title":{"rendered":"El sue\u00f1o de Claudia"},"content":{"rendered":"<p>La elefantita Claudia encuentra una l\u00e1mpara m\u00e1gica y cuando la frota aparece un genio\u2026 Un momento, \u00bfy si fuera una genia? Claudia vivir\u00e1 una gran aventura en la que conocer\u00e1 a un drag\u00f3n, a un extraterrestre, a un dinosaurio\u2026 Pero, \u00a1un momento! \u00bfY si fueran una dragona, una extraterrestre y una dinosauria?<\/p>\n","protected":false},"excerpt":{"rendered":"<p>Un \u00e1lbum ilustrado que cuestiona los estereotipos y reivindica la representaci\u00f3n de lo femenino en la literatura infantil. No tenemos suficientes elefantas, dragonas y dinosaurias.<\/p>\n","protected":false},"featured_media":13316,"template":"","meta":[],"product_brand":[],"product_cat":[619,626],"product_tag":[1615,1636,1645],"class_list":{"0":"post-16199","1":"product","2":"type-product","3":"status-publish","4":"has-post-thumbnail","6":"colecciones-egalite-en","7":"edades-3-en","8":"product_cat-catalogue","9":"product_cat-picture-book","10":"product_tag-diversity","11":"product_tag-equality-feminism","12":"product_tag-help-us-to-think","14":"first","15":"instock","16":"taxable","17":"shipping-taxable","18":"product-type-simple"},"acf":[],"_links":{"self":[{"href":"https:\/\/www.nubeocho.com\/en\/wp-json\/wp\/v2\/product\/16199","targetHints":{"allow":["GET"]}}],"collection":[{"href":"https:\/\/www.nubeocho.com\/en\/wp-json\/wp\/v2\/product"}],"about":[{"href":"https:\/\/www.nubeocho.com\/en\/wp-json\/wp\/v2\/types\/product"}],"wp:featuredmedia":[{"embeddable":true,"href":"https:\/\/www.nubeocho.com\/en\/wp-json\/wp\/v2\/media\/13316"}],"wp:attachment":[{"href":"https:\/\/www.nubeocho.com\/en\/wp-json\/wp\/v2\/media?parent=16199"}],"wp:term":[{"taxonomy":"product_brand","embeddable":true,"href":"https:\/\/www.nubeocho.com\/en\/wp-json\/wp\/v2\/product_brand?post=16199"},{"taxonomy":"product_cat","embeddable":true,"href":"https:\/\/www.nubeocho.com\/en\/wp-json\/wp\/v2\/product_cat?post=16199"},{"taxonomy":"product_tag","embeddable":true,"href":"https:\/\/www.nubeocho.com\/en\/wp-json\/wp\/v2\/product_tag?post=16199"}],"curies":[{"name":"wp","href":"https:\/\/api.w.org\/{rel}","templated":true}]}}