{"id":16195,"date":"2021-11-29T12:49:14","date_gmt":"2021-11-29T11:49:14","guid":{"rendered":"https:\/\/www.nubeocho.com\/?post_type=product&#038;p=16195"},"modified":"2023-07-21T14:54:21","modified_gmt":"2023-07-21T12:54:21","slug":"donde-estas-cerdito","status":"publish","type":"product","link":"https:\/\/www.nubeocho.com\/en\/product\/donde-estas-cerdito\/","title":{"rendered":"\u00bfD\u00f3nde est\u00e1s, Cerdito?"},"content":{"rendered":"<p>Este lobo busca al cerdito por todos sitios: en el \u00e1rbol, detr\u00e1s de la roca o dentro de la casa. El cerdito se esconde hasta que\u2026 \u00bfQu\u00e9 ocurrir\u00e1 cuando el lobo encuentre al cerdito?<\/p>\n","protected":false},"excerpt":{"rendered":"<p>\u00bfPor qu\u00e9 el lobo busca al cerdito? \u00bfLo encontrar\u00e1?<br \/>\nUn final sorprendente y divertido en un libro de cart\u00f3n para los m\u00e1s peque\u00f1os.<\/p>\n","protected":false},"featured_media":14782,"template":"","meta":[],"product_brand":[],"product_cat":[621,619],"product_tag":[1648,1602,1633],"class_list":{"0":"post-16195","1":"product","2":"type-product","3":"status-publish","4":"has-post-thumbnail","6":"colecciones-nube-de-carton","7":"edades-0-en","8":"product_cat-board-book","9":"product_cat-catalogue","10":"product_tag-board-book","11":"product_tag-friendship","12":"product_tag-humor-en","14":"first","15":"instock","16":"taxable","17":"shipping-taxable","18":"product-type-simple"},"acf":[],"_links":{"self":[{"href":"https:\/\/www.nubeocho.com\/en\/wp-json\/wp\/v2\/product\/16195","targetHints":{"allow":["GET"]}}],"collection":[{"href":"https:\/\/www.nubeocho.com\/en\/wp-json\/wp\/v2\/product"}],"about":[{"href":"https:\/\/www.nubeocho.com\/en\/wp-json\/wp\/v2\/types\/product"}],"wp:featuredmedia":[{"embeddable":true,"href":"https:\/\/www.nubeocho.com\/en\/wp-json\/wp\/v2\/media\/14782"}],"wp:attachment":[{"href":"https:\/\/www.nubeocho.com\/en\/wp-json\/wp\/v2\/media?parent=16195"}],"wp:term":[{"taxonomy":"product_brand","embeddable":true,"href":"https:\/\/www.nubeocho.com\/en\/wp-json\/wp\/v2\/product_brand?post=16195"},{"taxonomy":"product_cat","embeddable":true,"href":"https:\/\/www.nubeocho.com\/en\/wp-json\/wp\/v2\/product_cat?post=16195"},{"taxonomy":"product_tag","embeddable":true,"href":"https:\/\/www.nubeocho.com\/en\/wp-json\/wp\/v2\/product_tag?post=16195"}],"curies":[{"name":"wp","href":"https:\/\/api.w.org\/{rel}","templated":true}]}}