{"id":16191,"date":"2021-11-28T12:43:44","date_gmt":"2021-11-28T11:43:44","guid":{"rendered":"https:\/\/www.nubeocho.com\/?post_type=product&#038;p=16191"},"modified":"2024-04-02T11:09:39","modified_gmt":"2024-04-02T09:09:39","slug":"peque-y-yo","status":"publish","type":"product","link":"https:\/\/www.nubeocho.com\/en\/product\/peque-y-yo\/","title":{"rendered":"Peque y yo"},"content":{"rendered":"<p>Cuando mi perro Peque muri\u00f3, todos en casa nos pusimos tristes. Al d\u00eda siguiente, una nube comenz\u00f3 a seguirme a todos lados, me entr\u00f3 jab\u00f3n en los ojos y un pulpo me agarr\u00f3 muy fuerte del coraz\u00f3n.<\/p>\n<p class=\"ql-align-justify\">De la renombrada autora infantil y psic\u00f3loga, Alicia Acosta.<\/p>\n<p><a href=\"https:\/\/www.nubeocho.com\/wp-content\/uploads\/2016\/11\/Sin-ti\u0301tulo-1-copia.jpg\"><img loading=\"lazy\" decoding=\"async\" class=\"alignnone size-large wp-image-19686\" src=\"https:\/\/www.nubeocho.com\/wp-content\/uploads\/2016\/11\/Sin-ti\u0301tulo-1-copia-1024x214.jpg\" alt=\"\" width=\"1024\" height=\"214\" srcset=\"https:\/\/www.nubeocho.com\/wp-content\/uploads\/2016\/11\/Sin-ti\u0301tulo-1-copia-1024x214.jpg 1024w, https:\/\/www.nubeocho.com\/wp-content\/uploads\/2016\/11\/Sin-ti\u0301tulo-1-copia-300x63.jpg 300w, https:\/\/www.nubeocho.com\/wp-content\/uploads\/2016\/11\/Sin-ti\u0301tulo-1-copia-768x161.jpg 768w, https:\/\/www.nubeocho.com\/wp-content\/uploads\/2016\/11\/Sin-ti\u0301tulo-1-copia-320x67.jpg 320w, https:\/\/www.nubeocho.com\/wp-content\/uploads\/2016\/11\/Sin-ti\u0301tulo-1-copia-600x125.jpg 600w, https:\/\/www.nubeocho.com\/wp-content\/uploads\/2016\/11\/Sin-ti\u0301tulo-1-copia.jpg 1382w\" sizes=\"auto, (max-width: 1024px) 100vw, 1024px\" \/><\/a><\/p>\n","protected":false},"excerpt":{"rendered":"<p>La p\u00e9rdida de una mascota supone un momento muy doloroso. Peque y yo es un libro po\u00e9tico y delicado para reconfortar a los m\u00e1s peque\u00f1os, pero tambi\u00e9n a los adultos.<\/p>\n","protected":false},"featured_media":14787,"template":"","meta":[],"product_brand":[],"product_cat":[619,626],"product_tag":[1621,1627,1602,1645],"class_list":{"0":"post-16191","1":"product","2":"type-product","3":"status-publish","4":"has-post-thumbnail","6":"colecciones-somos8-en","7":"edades-4-en","8":"product_cat-catalogue","9":"product_cat-picture-book","10":"product_tag-emotions","11":"product_tag-family","12":"product_tag-friendship","13":"product_tag-help-us-to-think","15":"first","16":"instock","17":"taxable","18":"shipping-taxable","19":"product-type-simple"},"acf":[],"_links":{"self":[{"href":"https:\/\/www.nubeocho.com\/en\/wp-json\/wp\/v2\/product\/16191","targetHints":{"allow":["GET"]}}],"collection":[{"href":"https:\/\/www.nubeocho.com\/en\/wp-json\/wp\/v2\/product"}],"about":[{"href":"https:\/\/www.nubeocho.com\/en\/wp-json\/wp\/v2\/types\/product"}],"wp:featuredmedia":[{"embeddable":true,"href":"https:\/\/www.nubeocho.com\/en\/wp-json\/wp\/v2\/media\/14787"}],"wp:attachment":[{"href":"https:\/\/www.nubeocho.com\/en\/wp-json\/wp\/v2\/media?parent=16191"}],"wp:term":[{"taxonomy":"product_brand","embeddable":true,"href":"https:\/\/www.nubeocho.com\/en\/wp-json\/wp\/v2\/product_brand?post=16191"},{"taxonomy":"product_cat","embeddable":true,"href":"https:\/\/www.nubeocho.com\/en\/wp-json\/wp\/v2\/product_cat?post=16191"},{"taxonomy":"product_tag","embeddable":true,"href":"https:\/\/www.nubeocho.com\/en\/wp-json\/wp\/v2\/product_tag?post=16191"}],"curies":[{"name":"wp","href":"https:\/\/api.w.org\/{rel}","templated":true}]}}