{"id":16159,"date":"2021-10-11T11:00:47","date_gmt":"2021-10-11T09:00:47","guid":{"rendered":"https:\/\/www.nubeocho.com\/?post_type=product&#038;p=16159"},"modified":"2023-07-21T14:59:35","modified_gmt":"2023-07-21T12:59:35","slug":"la-muneca-de-lucas","status":"publish","type":"product","link":"https:\/\/www.nubeocho.com\/en\/product\/la-muneca-de-lucas\/","title":{"rendered":"La mu\u00f1eca de Lucas"},"content":{"rendered":"<p>A Lucas le encantan las mu\u00f1ecas. Cuando sus padres le regalan una, el peque\u00f1o se emociona y corre a jugar con ella. En el parque, un ni\u00f1o del colegio se la quita para hacerle rabiar y\u2026 \u00a1la mu\u00f1eca se rompe!<\/p>\n<p>De los autores de <em>\u00a1Vivan las u\u00f1as de colores!,<\/em> una tierna historia que nos recuerda que no hay cosas para ni\u00f1as y cosas para ni\u00f1os.<\/p>\n","protected":false},"excerpt":{"rendered":"<p>Lucas desea m\u00e1s que nada en el mundo tener una mu\u00f1eca. \u00bfPor qu\u00e9 no van a poder jugar los ni\u00f1os con mu\u00f1ecas?<\/p>\n<p>De Alicia Acosta y Luis Amavisca, autores de <em>\u00a1Vivan las u\u00f1as de colores!<\/em><\/p>\n","protected":false},"featured_media":14889,"template":"","meta":[],"product_brand":[],"product_cat":[619,626],"product_tag":[1615,1621,1636,1602,1645,1609],"class_list":{"0":"post-16159","1":"product","2":"type-product","3":"status-publish","4":"has-post-thumbnail","6":"colecciones-egalite-en","7":"edades-3-en","8":"product_cat-catalogue","9":"product_cat-picture-book","10":"product_tag-diversity","11":"product_tag-emotions","12":"product_tag-equality-feminism","13":"product_tag-friendship","14":"product_tag-help-us-to-think","15":"product_tag-pirate-girls-and-boys","17":"first","18":"instock","19":"taxable","20":"shipping-taxable","21":"product-type-simple"},"acf":[],"_links":{"self":[{"href":"https:\/\/www.nubeocho.com\/en\/wp-json\/wp\/v2\/product\/16159","targetHints":{"allow":["GET"]}}],"collection":[{"href":"https:\/\/www.nubeocho.com\/en\/wp-json\/wp\/v2\/product"}],"about":[{"href":"https:\/\/www.nubeocho.com\/en\/wp-json\/wp\/v2\/types\/product"}],"wp:featuredmedia":[{"embeddable":true,"href":"https:\/\/www.nubeocho.com\/en\/wp-json\/wp\/v2\/media\/14889"}],"wp:attachment":[{"href":"https:\/\/www.nubeocho.com\/en\/wp-json\/wp\/v2\/media?parent=16159"}],"wp:term":[{"taxonomy":"product_brand","embeddable":true,"href":"https:\/\/www.nubeocho.com\/en\/wp-json\/wp\/v2\/product_brand?post=16159"},{"taxonomy":"product_cat","embeddable":true,"href":"https:\/\/www.nubeocho.com\/en\/wp-json\/wp\/v2\/product_cat?post=16159"},{"taxonomy":"product_tag","embeddable":true,"href":"https:\/\/www.nubeocho.com\/en\/wp-json\/wp\/v2\/product_tag?post=16159"}],"curies":[{"name":"wp","href":"https:\/\/api.w.org\/{rel}","templated":true}]}}