{"id":16155,"date":"2021-10-04T14:41:47","date_gmt":"2021-10-04T12:41:47","guid":{"rendered":"https:\/\/www.nubeocho.com\/?post_type=product&#038;p=16155"},"modified":"2024-03-25T11:47:51","modified_gmt":"2024-03-25T10:47:51","slug":"el-monstruo-mas-feo-del-mundo","status":"publish","type":"product","link":"https:\/\/www.nubeocho.com\/en\/product\/el-monstruo-mas-feo-del-mundo\/","title":{"rendered":"El monstruo m\u00e1s feo del mundo"},"content":{"rendered":"<p>Este monstruo afirma que \u00e9l es el m\u00e1s feo del mundo. Pronto llega un segundo monstruo \u00a1diciendo que \u00e9l es el m\u00e1s feo! \u00bfY qu\u00e9 ocurre cuando llega un tercer monstruo? Quiz\u00e1s la mejor manera de descubrirlo es mir\u00e1ndose en un espejo. \u00bfLes ayudar\u00e1 a decidir qui\u00e9n es el monstruo m\u00e1s feo del mundo?<\/p>\n<p><a href=\"https:\/\/www.nubeocho.com\/wp-content\/uploads\/2018\/09\/Sin-ti\u0301tulo-1-copia.jpg\"><img loading=\"lazy\" decoding=\"async\" class=\"alignnone size-large wp-image-19618\" src=\"https:\/\/www.nubeocho.com\/wp-content\/uploads\/2018\/09\/Sin-ti\u0301tulo-1-copia-1024x214.jpg\" alt=\"\" width=\"1024\" height=\"214\" srcset=\"https:\/\/www.nubeocho.com\/wp-content\/uploads\/2018\/09\/Sin-ti\u0301tulo-1-copia-1024x214.jpg 1024w, https:\/\/www.nubeocho.com\/wp-content\/uploads\/2018\/09\/Sin-ti\u0301tulo-1-copia-300x63.jpg 300w, https:\/\/www.nubeocho.com\/wp-content\/uploads\/2018\/09\/Sin-ti\u0301tulo-1-copia-768x161.jpg 768w, https:\/\/www.nubeocho.com\/wp-content\/uploads\/2018\/09\/Sin-ti\u0301tulo-1-copia-320x67.jpg 320w, https:\/\/www.nubeocho.com\/wp-content\/uploads\/2018\/09\/Sin-ti\u0301tulo-1-copia-600x125.jpg 600w, https:\/\/www.nubeocho.com\/wp-content\/uploads\/2018\/09\/Sin-ti\u0301tulo-1-copia.jpg 1382w\" sizes=\"auto, (max-width: 1024px) 100vw, 1024px\" \/><\/a><\/p>\n","protected":false},"excerpt":{"rendered":"<p>\u00a1Tres monstruos quieren ganar un divertid\u00edsimo concurso! Un final sorprendente. \u00bfQui\u00e9n ser\u00e1 el monstruo m\u00e1s feo del mundo?<\/p>\n","protected":false},"featured_media":12566,"template":"","meta":[],"product_brand":[],"product_cat":[619,626],"product_tag":[1602,1633],"class_list":{"0":"post-16155","1":"product","2":"type-product","3":"status-publish","4":"has-post-thumbnail","6":"colecciones-somos8-en","7":"edades-3-en","8":"product_cat-catalogue","9":"product_cat-picture-book","10":"product_tag-friendship","11":"product_tag-humor-en","13":"first","14":"instock","15":"taxable","16":"shipping-taxable","17":"product-type-simple"},"acf":[],"_links":{"self":[{"href":"https:\/\/www.nubeocho.com\/en\/wp-json\/wp\/v2\/product\/16155","targetHints":{"allow":["GET"]}}],"collection":[{"href":"https:\/\/www.nubeocho.com\/en\/wp-json\/wp\/v2\/product"}],"about":[{"href":"https:\/\/www.nubeocho.com\/en\/wp-json\/wp\/v2\/types\/product"}],"wp:featuredmedia":[{"embeddable":true,"href":"https:\/\/www.nubeocho.com\/en\/wp-json\/wp\/v2\/media\/12566"}],"wp:attachment":[{"href":"https:\/\/www.nubeocho.com\/en\/wp-json\/wp\/v2\/media?parent=16155"}],"wp:term":[{"taxonomy":"product_brand","embeddable":true,"href":"https:\/\/www.nubeocho.com\/en\/wp-json\/wp\/v2\/product_brand?post=16155"},{"taxonomy":"product_cat","embeddable":true,"href":"https:\/\/www.nubeocho.com\/en\/wp-json\/wp\/v2\/product_cat?post=16155"},{"taxonomy":"product_tag","embeddable":true,"href":"https:\/\/www.nubeocho.com\/en\/wp-json\/wp\/v2\/product_tag?post=16155"}],"curies":[{"name":"wp","href":"https:\/\/api.w.org\/{rel}","templated":true}]}}