{"id":16145,"date":"2021-05-18T14:26:49","date_gmt":"2021-05-18T12:26:49","guid":{"rendered":"https:\/\/www.nubeocho.com\/?post_type=product&#038;p=16145"},"modified":"2023-07-24T09:01:04","modified_gmt":"2023-07-24T07:01:04","slug":"el-increible-barco-del-capitan-marco","status":"publish","type":"product","link":"https:\/\/www.nubeocho.com\/en\/product\/el-increible-barco-del-capitan-marco\/","title":{"rendered":"El incre\u00edble barco del capit\u00e1n Marco"},"content":{"rendered":"<p>Marco, cansado de la arena y la sequedad del desierto, decidi\u00f3 un d\u00eda que iba a surcar los mares. Con su tripulaci\u00f3n y su barco inici\u00f3 la traves\u00eda. \u00a1Pero el mar es muy peligroso! \u00a1Todos a bordo! \u00bfConseguir\u00e1 la tripulaci\u00f3n del capit\u00e1n Marco surcar los siete mares?<\/p>\n","protected":false},"excerpt":{"rendered":"<p>\u00a1Todos a bordo del incre\u00edble barco del capit\u00e1n Marco! \u00bfConseguir\u00e1n el capit\u00e1n y su tripulaci\u00f3n surcar los siete mares?<\/p>\n","protected":false},"featured_media":1750,"template":"","meta":[],"product_brand":[],"product_cat":[619,623,626],"product_tag":[1609],"class_list":{"0":"post-16145","1":"product","2":"type-product","3":"status-publish","4":"has-post-thumbnail","6":"colecciones-somos8-en","7":"edades-4-en","8":"product_cat-catalogue","9":"product_cat-news","10":"product_cat-picture-book","11":"product_tag-pirate-girls-and-boys","13":"first","14":"instock","15":"product-type-simple"},"acf":[],"_links":{"self":[{"href":"https:\/\/www.nubeocho.com\/en\/wp-json\/wp\/v2\/product\/16145","targetHints":{"allow":["GET"]}}],"collection":[{"href":"https:\/\/www.nubeocho.com\/en\/wp-json\/wp\/v2\/product"}],"about":[{"href":"https:\/\/www.nubeocho.com\/en\/wp-json\/wp\/v2\/types\/product"}],"wp:featuredmedia":[{"embeddable":true,"href":"https:\/\/www.nubeocho.com\/en\/wp-json\/wp\/v2\/media\/1750"}],"wp:attachment":[{"href":"https:\/\/www.nubeocho.com\/en\/wp-json\/wp\/v2\/media?parent=16145"}],"wp:term":[{"taxonomy":"product_brand","embeddable":true,"href":"https:\/\/www.nubeocho.com\/en\/wp-json\/wp\/v2\/product_brand?post=16145"},{"taxonomy":"product_cat","embeddable":true,"href":"https:\/\/www.nubeocho.com\/en\/wp-json\/wp\/v2\/product_cat?post=16145"},{"taxonomy":"product_tag","embeddable":true,"href":"https:\/\/www.nubeocho.com\/en\/wp-json\/wp\/v2\/product_tag?post=16145"}],"curies":[{"name":"wp","href":"https:\/\/api.w.org\/{rel}","templated":true}]}}