{"id":16121,"date":"2021-05-04T14:50:55","date_gmt":"2021-05-04T12:50:55","guid":{"rendered":"https:\/\/www.nubeocho.com\/?post_type=product&#038;p=16121"},"modified":"2025-07-23T11:34:34","modified_gmt":"2025-07-23T09:34:34","slug":"una-tarde-super-increible","status":"publish","type":"product","link":"https:\/\/www.nubeocho.com\/en\/product\/una-tarde-super-increible\/","title":{"rendered":"Una tarde s\u00faper incre\u00edble"},"content":{"rendered":"<p>Imagina que una tarde te encuentras con un mono, un cocodrilo, una cebra, un tigre y un hipop\u00f3tamo. \u00bfTe unir\u00edas a ellos para chapotear en los charcos, saltar en una cama el\u00e1stica y bailar? No podr\u00e1s decir que no, ser\u00e1 una tarde\u2026 \u00a1s\u00faper incre\u00edble!<\/p>\n","protected":false},"excerpt":{"rendered":"<p>De paseo con el abuelo nos encontramos con un mono, un cocodrilo, una cebra, un tigre y un hipop\u00f3tamo. \u00a1Jugamos con todos ellos!<\/p>\n","protected":false},"featured_media":16131,"template":"","meta":[],"product_brand":[],"product_cat":[619,626],"product_tag":[1627,1602,1606],"class_list":{"0":"post-16121","1":"product","2":"type-product","3":"status-publish","4":"has-post-thumbnail","6":"colecciones-somos8-en","7":"edades-3-en","8":"product_cat-catalogue","9":"product_cat-picture-book","10":"product_tag-family","11":"product_tag-friendship","12":"product_tag-international-authors","14":"first","15":"instock","16":"taxable","17":"shipping-taxable","18":"product-type-simple"},"acf":[],"_links":{"self":[{"href":"https:\/\/www.nubeocho.com\/en\/wp-json\/wp\/v2\/product\/16121","targetHints":{"allow":["GET"]}}],"collection":[{"href":"https:\/\/www.nubeocho.com\/en\/wp-json\/wp\/v2\/product"}],"about":[{"href":"https:\/\/www.nubeocho.com\/en\/wp-json\/wp\/v2\/types\/product"}],"wp:featuredmedia":[{"embeddable":true,"href":"https:\/\/www.nubeocho.com\/en\/wp-json\/wp\/v2\/media\/16131"}],"wp:attachment":[{"href":"https:\/\/www.nubeocho.com\/en\/wp-json\/wp\/v2\/media?parent=16121"}],"wp:term":[{"taxonomy":"product_brand","embeddable":true,"href":"https:\/\/www.nubeocho.com\/en\/wp-json\/wp\/v2\/product_brand?post=16121"},{"taxonomy":"product_cat","embeddable":true,"href":"https:\/\/www.nubeocho.com\/en\/wp-json\/wp\/v2\/product_cat?post=16121"},{"taxonomy":"product_tag","embeddable":true,"href":"https:\/\/www.nubeocho.com\/en\/wp-json\/wp\/v2\/product_tag?post=16121"}],"curies":[{"name":"wp","href":"https:\/\/api.w.org\/{rel}","templated":true}]}}