{"id":16103,"date":"2021-04-06T14:29:31","date_gmt":"2021-04-06T12:29:31","guid":{"rendered":"https:\/\/www.nubeocho.com\/?post_type=product&#038;p=16103"},"modified":"2023-07-24T09:02:58","modified_gmt":"2023-07-24T07:02:58","slug":"la-burrita-baldomera","status":"publish","type":"product","link":"https:\/\/www.nubeocho.com\/en\/product\/la-burrita-baldomera\/","title":{"rendered":"La burrita Baldomera"},"content":{"rendered":"<p>La historia de la burrita Baldomera ha dado la vuelta al mundo. M\u00e1s de cincuenta millones de personas conocen su historia. La burrita no pudo ver a su due\u00f1o a causa del confinamiento que trajo la COVID-19. Cuando se encontraron despu\u00e9s de tres largos meses, se grab\u00f3 un v\u00eddeo que nos conmovi\u00f3 y se hizo viral. La burrita Baldomera se ech\u00f3 a llorar al ver por fin a su amo. Inspirada en hechos reales.<\/p>\n","protected":false},"excerpt":{"rendered":"<p>La historia que ha conmovido a m\u00e1s de cincuenta millones de personas. Los d\u00edas pasan y la burrita Baldomera est\u00e1 muy triste. \u00bfD\u00f3nde est\u00e1 su mejor amigo?<\/p>\n","protected":false},"featured_media":5307,"template":"","meta":[],"product_brand":[],"product_cat":[619,626],"product_tag":[1602],"class_list":{"0":"post-16103","1":"product","2":"type-product","3":"status-publish","4":"has-post-thumbnail","6":"colecciones-somos8-en","7":"edades-3-en","8":"product_cat-catalogue","9":"product_cat-picture-book","10":"product_tag-friendship","12":"first","13":"instock","14":"product-type-simple"},"acf":[],"_links":{"self":[{"href":"https:\/\/www.nubeocho.com\/en\/wp-json\/wp\/v2\/product\/16103","targetHints":{"allow":["GET"]}}],"collection":[{"href":"https:\/\/www.nubeocho.com\/en\/wp-json\/wp\/v2\/product"}],"about":[{"href":"https:\/\/www.nubeocho.com\/en\/wp-json\/wp\/v2\/types\/product"}],"wp:featuredmedia":[{"embeddable":true,"href":"https:\/\/www.nubeocho.com\/en\/wp-json\/wp\/v2\/media\/5307"}],"wp:attachment":[{"href":"https:\/\/www.nubeocho.com\/en\/wp-json\/wp\/v2\/media?parent=16103"}],"wp:term":[{"taxonomy":"product_brand","embeddable":true,"href":"https:\/\/www.nubeocho.com\/en\/wp-json\/wp\/v2\/product_brand?post=16103"},{"taxonomy":"product_cat","embeddable":true,"href":"https:\/\/www.nubeocho.com\/en\/wp-json\/wp\/v2\/product_cat?post=16103"},{"taxonomy":"product_tag","embeddable":true,"href":"https:\/\/www.nubeocho.com\/en\/wp-json\/wp\/v2\/product_tag?post=16103"}],"curies":[{"name":"wp","href":"https:\/\/api.w.org\/{rel}","templated":true}]}}