{"id":16099,"date":"2021-01-18T14:59:29","date_gmt":"2021-01-18T13:59:29","guid":{"rendered":"https:\/\/www.nubeocho.com\/?post_type=product&#038;p=16099"},"modified":"2024-02-19T11:38:45","modified_gmt":"2024-02-19T10:38:45","slug":"las-cajas-de-berta","status":"publish","type":"product","link":"https:\/\/www.nubeocho.com\/en\/product\/las-cajas-de-berta\/","title":{"rendered":"Las cajas de Berta"},"content":{"rendered":"<p>Berta nunca se enfada, nunca llora ni tiene rabietas. Si se pone nerviosa abre la caja del enfado y grita dentro. Lo mismo si est\u00e1 triste. Un d\u00eda en que va al colegio vestida de rojo, un ni\u00f1o le dice que parece un Monstruo Glu Glu. \u00bfQu\u00e9 es un monstruo Glu Glu? Ese d\u00eda, quiz\u00e1s Berta pierda el control\u2026<\/p>\n<p>Porque, \u00bfser\u00e1 bueno guardar las emociones en cajas?<\/p>\n<p><a href=\"https:\/\/www.nubeocho.com\/wp-content\/uploads\/2021\/02\/Sin-ti\u0301tulo-1-copia.jpg\"><img loading=\"lazy\" decoding=\"async\" class=\"alignnone size-large wp-image-19348\" src=\"https:\/\/www.nubeocho.com\/wp-content\/uploads\/2021\/02\/Sin-ti\u0301tulo-1-copia-1024x214.jpg\" alt=\"\" width=\"1024\" height=\"214\" srcset=\"https:\/\/www.nubeocho.com\/wp-content\/uploads\/2021\/02\/Sin-ti\u0301tulo-1-copia-1024x214.jpg 1024w, https:\/\/www.nubeocho.com\/wp-content\/uploads\/2021\/02\/Sin-ti\u0301tulo-1-copia-300x63.jpg 300w, https:\/\/www.nubeocho.com\/wp-content\/uploads\/2021\/02\/Sin-ti\u0301tulo-1-copia-768x161.jpg 768w, https:\/\/www.nubeocho.com\/wp-content\/uploads\/2021\/02\/Sin-ti\u0301tulo-1-copia-320x67.jpg 320w, https:\/\/www.nubeocho.com\/wp-content\/uploads\/2021\/02\/Sin-ti\u0301tulo-1-copia-600x125.jpg 600w, https:\/\/www.nubeocho.com\/wp-content\/uploads\/2021\/02\/Sin-ti\u0301tulo-1-copia.jpg 1382w\" sizes=\"auto, (max-width: 1024px) 100vw, 1024px\" \/><\/a><\/p>\n","protected":false},"excerpt":{"rendered":"<p>Una necesaria reflexi\u00f3n sobre la literatura de las emociones. \u00bfSe pueden guardar en cajas?<\/p>\n","protected":false},"featured_media":14791,"template":"","meta":[],"product_brand":[],"product_cat":[619,626],"product_tag":[1621,1627,1645,1606],"class_list":{"0":"post-16099","1":"product","2":"type-product","3":"status-publish","4":"has-post-thumbnail","6":"colecciones-somos8-en","7":"edades-3-en","8":"product_cat-catalogue","9":"product_cat-picture-book","10":"product_tag-emotions","11":"product_tag-family","12":"product_tag-help-us-to-think","13":"product_tag-international-authors","15":"first","16":"instock","17":"taxable","18":"shipping-taxable","19":"product-type-simple"},"acf":[],"_links":{"self":[{"href":"https:\/\/www.nubeocho.com\/en\/wp-json\/wp\/v2\/product\/16099","targetHints":{"allow":["GET"]}}],"collection":[{"href":"https:\/\/www.nubeocho.com\/en\/wp-json\/wp\/v2\/product"}],"about":[{"href":"https:\/\/www.nubeocho.com\/en\/wp-json\/wp\/v2\/types\/product"}],"wp:featuredmedia":[{"embeddable":true,"href":"https:\/\/www.nubeocho.com\/en\/wp-json\/wp\/v2\/media\/14791"}],"wp:attachment":[{"href":"https:\/\/www.nubeocho.com\/en\/wp-json\/wp\/v2\/media?parent=16099"}],"wp:term":[{"taxonomy":"product_brand","embeddable":true,"href":"https:\/\/www.nubeocho.com\/en\/wp-json\/wp\/v2\/product_brand?post=16099"},{"taxonomy":"product_cat","embeddable":true,"href":"https:\/\/www.nubeocho.com\/en\/wp-json\/wp\/v2\/product_cat?post=16099"},{"taxonomy":"product_tag","embeddable":true,"href":"https:\/\/www.nubeocho.com\/en\/wp-json\/wp\/v2\/product_tag?post=16099"}],"curies":[{"name":"wp","href":"https:\/\/api.w.org\/{rel}","templated":true}]}}