{"id":16090,"date":"2020-10-19T15:40:12","date_gmt":"2020-10-19T13:40:12","guid":{"rendered":"https:\/\/www.nubeocho.com\/?post_type=product&#038;p=16090"},"modified":"2023-07-24T09:03:51","modified_gmt":"2023-07-24T07:03:51","slug":"quien-se-comio-mi-pastel","status":"publish","type":"product","link":"https:\/\/www.nubeocho.com\/en\/product\/quien-se-comio-mi-pastel\/","title":{"rendered":"\u00bfQui\u00e9n se comi\u00f3 mi pastel?"},"content":{"rendered":"<p>\u00a1Qu\u00e9 hambre! Me comer\u00eda&#8230; un pastel de ar\u00e1ndanos&#8230; o una magdalena&#8230; \u00bfo quiz\u00e1 la rosquilla? \u00bfY un pastel de chocolate? \u00a1Un momento! \u00bfQui\u00e9n se comi\u00f3 el pastel de Gato? \u00a1Destapa las solapas de este libro para descubrir qui\u00e9n se comi\u00f3 los pasteles de Gato!<\/p>\n","protected":false},"excerpt":{"rendered":"<p>\u00a1Destapa las solapas de este libro para descubrir qui\u00e9n se comi\u00f3 los pasteles de Gato!<\/p>\n","protected":false},"featured_media":16094,"template":"","meta":[],"product_brand":[],"product_cat":[621,619],"product_tag":[1648],"class_list":{"0":"post-16090","1":"product","2":"type-product","3":"status-publish","4":"has-post-thumbnail","6":"colecciones-nube-de-carton","7":"edades-2-en","8":"product_cat-board-book","9":"product_cat-catalogue","10":"product_tag-board-book","12":"first","13":"instock","14":"product-type-simple"},"acf":[],"_links":{"self":[{"href":"https:\/\/www.nubeocho.com\/en\/wp-json\/wp\/v2\/product\/16090","targetHints":{"allow":["GET"]}}],"collection":[{"href":"https:\/\/www.nubeocho.com\/en\/wp-json\/wp\/v2\/product"}],"about":[{"href":"https:\/\/www.nubeocho.com\/en\/wp-json\/wp\/v2\/types\/product"}],"wp:featuredmedia":[{"embeddable":true,"href":"https:\/\/www.nubeocho.com\/en\/wp-json\/wp\/v2\/media\/16094"}],"wp:attachment":[{"href":"https:\/\/www.nubeocho.com\/en\/wp-json\/wp\/v2\/media?parent=16090"}],"wp:term":[{"taxonomy":"product_brand","embeddable":true,"href":"https:\/\/www.nubeocho.com\/en\/wp-json\/wp\/v2\/product_brand?post=16090"},{"taxonomy":"product_cat","embeddable":true,"href":"https:\/\/www.nubeocho.com\/en\/wp-json\/wp\/v2\/product_cat?post=16090"},{"taxonomy":"product_tag","embeddable":true,"href":"https:\/\/www.nubeocho.com\/en\/wp-json\/wp\/v2\/product_tag?post=16090"}],"curies":[{"name":"wp","href":"https:\/\/api.w.org\/{rel}","templated":true}]}}