{"id":16077,"date":"2020-10-19T10:14:23","date_gmt":"2020-10-19T08:14:23","guid":{"rendered":"https:\/\/www.nubeocho.com\/?post_type=product&#038;p=16077"},"modified":"2024-05-10T12:50:49","modified_gmt":"2024-05-10T10:50:49","slug":"quien-se-comio-mi-fruta","status":"publish","type":"product","link":"https:\/\/www.nubeocho.com\/en\/product\/quien-se-comio-mi-fruta\/","title":{"rendered":"\u00bfQui\u00e9n se comi\u00f3 mi fruta?"},"content":{"rendered":"<p>\u00a1Qu\u00e9 hambre! Me comer\u00eda&#8230; una pera, una pi\u00f1a, una fresa, o incluso un pl\u00e1tano, pero&#8230; \u00a1un momento! \u00bfQui\u00e9n se comi\u00f3 la fruta de gato?<\/p>\n<p>\u00a1Destapa las solapas de este libro para descubrir qui\u00e9n se comi\u00f3 la fruta de Gato!<\/p>\n","protected":false},"excerpt":{"rendered":"<p>\u00a1Destapa las solapas de este libro para descubrir qui\u00e9n se comi\u00f3 la fruta de Gato!<\/p>\n","protected":false},"featured_media":16081,"template":"","meta":[],"product_brand":[],"product_cat":[621,619],"product_tag":[1648],"class_list":{"0":"post-16077","1":"product","2":"type-product","3":"status-publish","4":"has-post-thumbnail","6":"colecciones-nube-de-carton","7":"edades-2-en","8":"product_cat-board-book","9":"product_cat-catalogue","10":"product_tag-board-book","12":"first","13":"instock","14":"product-type-simple"},"acf":[],"_links":{"self":[{"href":"https:\/\/www.nubeocho.com\/en\/wp-json\/wp\/v2\/product\/16077","targetHints":{"allow":["GET"]}}],"collection":[{"href":"https:\/\/www.nubeocho.com\/en\/wp-json\/wp\/v2\/product"}],"about":[{"href":"https:\/\/www.nubeocho.com\/en\/wp-json\/wp\/v2\/types\/product"}],"wp:featuredmedia":[{"embeddable":true,"href":"https:\/\/www.nubeocho.com\/en\/wp-json\/wp\/v2\/media\/16081"}],"wp:attachment":[{"href":"https:\/\/www.nubeocho.com\/en\/wp-json\/wp\/v2\/media?parent=16077"}],"wp:term":[{"taxonomy":"product_brand","embeddable":true,"href":"https:\/\/www.nubeocho.com\/en\/wp-json\/wp\/v2\/product_brand?post=16077"},{"taxonomy":"product_cat","embeddable":true,"href":"https:\/\/www.nubeocho.com\/en\/wp-json\/wp\/v2\/product_cat?post=16077"},{"taxonomy":"product_tag","embeddable":true,"href":"https:\/\/www.nubeocho.com\/en\/wp-json\/wp\/v2\/product_tag?post=16077"}],"curies":[{"name":"wp","href":"https:\/\/api.w.org\/{rel}","templated":true}]}}