{"id":16060,"date":"2020-09-15T13:57:28","date_gmt":"2020-09-15T11:57:28","guid":{"rendered":"https:\/\/www.nubeocho.com\/?post_type=product&#038;p=16060"},"modified":"2024-07-30T09:54:17","modified_gmt":"2024-07-30T07:54:17","slug":"ponte-en-mi-lugar","status":"publish","type":"product","link":"https:\/\/www.nubeocho.com\/en\/product\/ponte-en-mi-lugar\/","title":{"rendered":"Ponte en mi lugar"},"content":{"rendered":"<p>Abeja tiene un ala enredada con un hilo y no puede volar, Mariquita ha perdido uno de sus lugares mientras los tend\u00eda, Ara\u00f1a tiene mucha seda que hilar y Ciempi\u00e9s necesita cien zapatos para poder salir a caminar&#8230; Todos ellos le piden ayuda a Grillo, pero \u00e9l no cree que esas cosas sean importantes. \u00bfQu\u00e9 ocurrir\u00e1 cuando a \u00e9l se le rompan las cuerdas del viol\u00edn? \u00bfLe ayudar\u00e1n sus amigos?<\/p>\n","protected":false},"excerpt":{"rendered":"<p>Un libro que nos ense\u00f1a el valor de la empat\u00eda a trav\u00e9s de un divertido grupo de amigos: Grillo, Ciempi\u00e9s, Mariquita, Ara\u00f1a y Abeja.<\/p>\n","protected":false},"featured_media":16068,"template":"","meta":[],"product_brand":[],"product_cat":[619,626],"product_tag":[1621],"class_list":{"0":"post-16060","1":"product","2":"type-product","3":"status-publish","4":"has-post-thumbnail","6":"colecciones-somos8-en","7":"edades-4-en","8":"product_cat-catalogue","9":"product_cat-picture-book","10":"product_tag-emotions","12":"first","13":"instock","14":"taxable","15":"shipping-taxable","16":"product-type-simple"},"acf":[],"_links":{"self":[{"href":"https:\/\/www.nubeocho.com\/en\/wp-json\/wp\/v2\/product\/16060","targetHints":{"allow":["GET"]}}],"collection":[{"href":"https:\/\/www.nubeocho.com\/en\/wp-json\/wp\/v2\/product"}],"about":[{"href":"https:\/\/www.nubeocho.com\/en\/wp-json\/wp\/v2\/types\/product"}],"wp:featuredmedia":[{"embeddable":true,"href":"https:\/\/www.nubeocho.com\/en\/wp-json\/wp\/v2\/media\/16068"}],"wp:attachment":[{"href":"https:\/\/www.nubeocho.com\/en\/wp-json\/wp\/v2\/media?parent=16060"}],"wp:term":[{"taxonomy":"product_brand","embeddable":true,"href":"https:\/\/www.nubeocho.com\/en\/wp-json\/wp\/v2\/product_brand?post=16060"},{"taxonomy":"product_cat","embeddable":true,"href":"https:\/\/www.nubeocho.com\/en\/wp-json\/wp\/v2\/product_cat?post=16060"},{"taxonomy":"product_tag","embeddable":true,"href":"https:\/\/www.nubeocho.com\/en\/wp-json\/wp\/v2\/product_tag?post=16060"}],"curies":[{"name":"wp","href":"https:\/\/api.w.org\/{rel}","templated":true}]}}