{"id":16051,"date":"2020-09-01T13:51:04","date_gmt":"2020-09-01T11:51:04","guid":{"rendered":"https:\/\/www.nubeocho.com\/?post_type=product&#038;p=16051"},"modified":"2024-05-10T12:51:45","modified_gmt":"2024-05-10T10:51:45","slug":"un-vampiro-peligrozo","status":"publish","type":"product","link":"https:\/\/www.nubeocho.com\/en\/product\/un-vampiro-peligrozo\/","title":{"rendered":"Un vampiro peligrozo"},"content":{"rendered":"<p>Una ni\u00f1a paseaba por una calle vac\u00eda de la lejana Transilvania cuando \u00a1apareci\u00f3 una enorme sombra! -\u00a1ZOY UN VAMPIRO! \u00a1UN VAMPIRO PELIGROZO!- La ni\u00f1a tembl\u00f3, pero de risa. Este vampirito no consigue dar un susto a nadie. A este pazo no podr\u00e1 zuperar el examen de la ezcuela de vampiroz&#8230;<\/p>\n<p><a href=\"https:\/\/www.nubeocho.com\/wp-content\/uploads\/2017\/04\/Sin-ti\u0301tulo-1-copia.jpg\"><img loading=\"lazy\" decoding=\"async\" class=\"alignnone size-large wp-image-19778\" src=\"https:\/\/www.nubeocho.com\/wp-content\/uploads\/2017\/04\/Sin-ti\u0301tulo-1-copia-1024x214.jpg\" alt=\"\" width=\"1024\" height=\"214\" srcset=\"https:\/\/www.nubeocho.com\/wp-content\/uploads\/2017\/04\/Sin-ti\u0301tulo-1-copia-1024x214.jpg 1024w, https:\/\/www.nubeocho.com\/wp-content\/uploads\/2017\/04\/Sin-ti\u0301tulo-1-copia-300x63.jpg 300w, https:\/\/www.nubeocho.com\/wp-content\/uploads\/2017\/04\/Sin-ti\u0301tulo-1-copia-768x161.jpg 768w, https:\/\/www.nubeocho.com\/wp-content\/uploads\/2017\/04\/Sin-ti\u0301tulo-1-copia-320x67.jpg 320w, https:\/\/www.nubeocho.com\/wp-content\/uploads\/2017\/04\/Sin-ti\u0301tulo-1-copia-600x125.jpg 600w, https:\/\/www.nubeocho.com\/wp-content\/uploads\/2017\/04\/Sin-ti\u0301tulo-1-copia.jpg 1382w\" sizes=\"auto, (max-width: 1024px) 100vw, 1024px\" \/><\/a><\/p>\n","protected":false},"excerpt":{"rendered":"<p>El vampirito no consigue dar un gran susto. A este paso no entrar\u00e1 en la ezcuela de vampiroz y le enviar\u00e1n a la ezcuela de peladorez de pl\u00e1tanoz.<\/p>\n","protected":false},"featured_media":4203,"template":"","meta":[],"product_brand":[],"product_cat":[619,626],"product_tag":[1633],"class_list":{"0":"post-16051","1":"product","2":"type-product","3":"status-publish","4":"has-post-thumbnail","6":"colecciones-monsters","7":"edades-3-en","8":"product_cat-catalogue","9":"product_cat-picture-book","10":"product_tag-humor-en","12":"first","13":"instock","14":"product-type-simple"},"acf":[],"_links":{"self":[{"href":"https:\/\/www.nubeocho.com\/en\/wp-json\/wp\/v2\/product\/16051","targetHints":{"allow":["GET"]}}],"collection":[{"href":"https:\/\/www.nubeocho.com\/en\/wp-json\/wp\/v2\/product"}],"about":[{"href":"https:\/\/www.nubeocho.com\/en\/wp-json\/wp\/v2\/types\/product"}],"wp:featuredmedia":[{"embeddable":true,"href":"https:\/\/www.nubeocho.com\/en\/wp-json\/wp\/v2\/media\/4203"}],"wp:attachment":[{"href":"https:\/\/www.nubeocho.com\/en\/wp-json\/wp\/v2\/media?parent=16051"}],"wp:term":[{"taxonomy":"product_brand","embeddable":true,"href":"https:\/\/www.nubeocho.com\/en\/wp-json\/wp\/v2\/product_brand?post=16051"},{"taxonomy":"product_cat","embeddable":true,"href":"https:\/\/www.nubeocho.com\/en\/wp-json\/wp\/v2\/product_cat?post=16051"},{"taxonomy":"product_tag","embeddable":true,"href":"https:\/\/www.nubeocho.com\/en\/wp-json\/wp\/v2\/product_tag?post=16051"}],"curies":[{"name":"wp","href":"https:\/\/api.w.org\/{rel}","templated":true}]}}