{"id":16045,"date":"2020-07-21T13:33:08","date_gmt":"2020-07-21T11:33:08","guid":{"rendered":"https:\/\/www.nubeocho.com\/?post_type=product&#038;p=16045"},"modified":"2024-05-10T12:50:23","modified_gmt":"2024-05-10T10:50:23","slug":"la-ola-de-estrellas","status":"publish","type":"product","link":"https:\/\/www.nubeocho.com\/en\/product\/la-ola-de-estrellas\/","title":{"rendered":"La ola de estrellas"},"content":{"rendered":"<p>\u00bfQu\u00e9 pasar\u00eda si una foca y una tortuga se transformaran en humanos? La leyenda dice que si un animal del mar ve el arco\u00edris lunar tendr\u00e1 que abandonarlo y vivir en tierra firme. \u00bfPodr\u00e1s Mimbi y Kipo voler a ser quienes eran? \u00bfPodr\u00e1n regresar al mar?<\/p>\n","protected":false},"excerpt":{"rendered":"<p>Magia y emoci\u00f3n en una leyenda sobre el arco\u00edris lunar. \u00bfSer\u00e1 verdad que convierte a los animales en humanos?<\/p>\n","protected":false},"featured_media":16047,"template":"","meta":[],"product_brand":[],"product_cat":[619,626],"product_tag":[1639,1602],"class_list":{"0":"post-16045","1":"product","2":"type-product","3":"status-publish","4":"has-post-thumbnail","6":"colecciones-nubeclassics","7":"edades-3-en","8":"product_cat-catalogue","9":"product_cat-picture-book","10":"product_tag-fear","11":"product_tag-friendship","13":"first","14":"instock","15":"product-type-simple"},"acf":[],"_links":{"self":[{"href":"https:\/\/www.nubeocho.com\/en\/wp-json\/wp\/v2\/product\/16045","targetHints":{"allow":["GET"]}}],"collection":[{"href":"https:\/\/www.nubeocho.com\/en\/wp-json\/wp\/v2\/product"}],"about":[{"href":"https:\/\/www.nubeocho.com\/en\/wp-json\/wp\/v2\/types\/product"}],"wp:featuredmedia":[{"embeddable":true,"href":"https:\/\/www.nubeocho.com\/en\/wp-json\/wp\/v2\/media\/16047"}],"wp:attachment":[{"href":"https:\/\/www.nubeocho.com\/en\/wp-json\/wp\/v2\/media?parent=16045"}],"wp:term":[{"taxonomy":"product_brand","embeddable":true,"href":"https:\/\/www.nubeocho.com\/en\/wp-json\/wp\/v2\/product_brand?post=16045"},{"taxonomy":"product_cat","embeddable":true,"href":"https:\/\/www.nubeocho.com\/en\/wp-json\/wp\/v2\/product_cat?post=16045"},{"taxonomy":"product_tag","embeddable":true,"href":"https:\/\/www.nubeocho.com\/en\/wp-json\/wp\/v2\/product_tag?post=16045"}],"curies":[{"name":"wp","href":"https:\/\/api.w.org\/{rel}","templated":true}]}}