{"id":16040,"date":"2019-11-19T13:18:54","date_gmt":"2019-11-19T12:18:54","guid":{"rendered":"https:\/\/www.nubeocho.com\/?post_type=product&#038;p=16040"},"modified":"2024-05-08T08:49:24","modified_gmt":"2024-05-08T06:49:24","slug":"mi-oso-grande-mi-oso-pequeno-y-yo","status":"publish","type":"product","link":"https:\/\/www.nubeocho.com\/en\/product\/mi-oso-grande-mi-oso-pequeno-y-yo\/","title":{"rendered":"Mi oso grande, mi oso peque\u00f1o y yo"},"content":{"rendered":"<p>Es bueno tener un oso, pero la protagonista de esta historia tiene dos: el grande posee la fuerza de un gigante, el peque\u00f1o es suave como el algod\u00f3n.<\/p>\n<p>Acompa\u00f1a a nuestra protagonista en su divertido d\u00eda de la mano de sus dos osos.<\/p>\n","protected":false},"excerpt":{"rendered":"<p>Acompa\u00f1a a nuestra protagonista en su divertido d\u00eda de la mano de sus dos osos. Una po\u00e9tica historia dedicada a pap\u00e1.<\/p>\n","protected":false},"featured_media":8239,"template":"","meta":[],"product_brand":[],"product_cat":[619,626],"product_tag":[1627],"class_list":{"0":"post-16040","1":"product","2":"type-product","3":"status-publish","4":"has-post-thumbnail","6":"colecciones-somos8-en","7":"edades-3-en","8":"product_cat-catalogue","9":"product_cat-picture-book","10":"product_tag-family","12":"first","13":"instock","14":"product-type-simple"},"acf":[],"_links":{"self":[{"href":"https:\/\/www.nubeocho.com\/en\/wp-json\/wp\/v2\/product\/16040","targetHints":{"allow":["GET"]}}],"collection":[{"href":"https:\/\/www.nubeocho.com\/en\/wp-json\/wp\/v2\/product"}],"about":[{"href":"https:\/\/www.nubeocho.com\/en\/wp-json\/wp\/v2\/types\/product"}],"wp:featuredmedia":[{"embeddable":true,"href":"https:\/\/www.nubeocho.com\/en\/wp-json\/wp\/v2\/media\/8239"}],"wp:attachment":[{"href":"https:\/\/www.nubeocho.com\/en\/wp-json\/wp\/v2\/media?parent=16040"}],"wp:term":[{"taxonomy":"product_brand","embeddable":true,"href":"https:\/\/www.nubeocho.com\/en\/wp-json\/wp\/v2\/product_brand?post=16040"},{"taxonomy":"product_cat","embeddable":true,"href":"https:\/\/www.nubeocho.com\/en\/wp-json\/wp\/v2\/product_cat?post=16040"},{"taxonomy":"product_tag","embeddable":true,"href":"https:\/\/www.nubeocho.com\/en\/wp-json\/wp\/v2\/product_tag?post=16040"}],"curies":[{"name":"wp","href":"https:\/\/api.w.org\/{rel}","templated":true}]}}