{"id":16024,"date":"2019-10-28T13:04:01","date_gmt":"2019-10-28T12:04:01","guid":{"rendered":"https:\/\/www.nubeocho.com\/?post_type=product&#038;p=16024"},"modified":"2026-01-19T12:13:15","modified_gmt":"2026-01-19T11:13:15","slug":"daniela-y-las-chicas-pirata","status":"publish","type":"product","link":"https:\/\/www.nubeocho.com\/en\/product\/daniela-y-las-chicas-pirata\/","title":{"rendered":"Daniela y las chicas pirata"},"content":{"rendered":"<p>Hay un nuevo barco pirata surcando los mares: \u00a1el barco de las Pira\u00f1as Intr\u00e9pidas! Se est\u00e1n haciendo famosas, han salvado a gente en peligro y han conseguido tesoros fabulosos\u2026 Cuando la noticia llega a o\u00eddos de Daniela zarpa para encontrarlas, \u00a1tiene que conocerlas!<\/p>\n<p><em>* Esta obra ha recibido una ayuda a la edici\u00f3n del Ministerio de Cultura y Deporte.<\/em><\/p>\n<p><a href=\"https:\/\/www.nubeocho.com\/wp-content\/uploads\/2021\/02\/Sin-ti\u0301tulo-1-copia.jpg\"><img loading=\"lazy\" decoding=\"async\" class=\"alignnone size-large wp-image-19348\" src=\"https:\/\/www.nubeocho.com\/wp-content\/uploads\/2021\/02\/Sin-ti\u0301tulo-1-copia-1024x214.jpg\" alt=\"\" width=\"1024\" height=\"214\" srcset=\"https:\/\/www.nubeocho.com\/wp-content\/uploads\/2021\/02\/Sin-ti\u0301tulo-1-copia-1024x214.jpg 1024w, https:\/\/www.nubeocho.com\/wp-content\/uploads\/2021\/02\/Sin-ti\u0301tulo-1-copia-300x63.jpg 300w, https:\/\/www.nubeocho.com\/wp-content\/uploads\/2021\/02\/Sin-ti\u0301tulo-1-copia-768x161.jpg 768w, https:\/\/www.nubeocho.com\/wp-content\/uploads\/2021\/02\/Sin-ti\u0301tulo-1-copia-320x67.jpg 320w, https:\/\/www.nubeocho.com\/wp-content\/uploads\/2021\/02\/Sin-ti\u0301tulo-1-copia-600x125.jpg 600w, https:\/\/www.nubeocho.com\/wp-content\/uploads\/2021\/02\/Sin-ti\u0301tulo-1-copia.jpg 1382w\" sizes=\"auto, (max-width: 1024px) 100vw, 1024px\" \/><\/a><\/p>\n","protected":false},"excerpt":{"rendered":"<p>Ya est\u00e1n aqu\u00ed las nuevas y trepidantes aventuras de Daniela y su tripulaci\u00f3n. \u00a1Vivan las chicas piratas!<\/p>\n","protected":false},"featured_media":22043,"template":"","meta":[],"product_brand":[],"product_cat":[619,626],"product_tag":[1615,1636,1602,1609],"class_list":{"0":"post-16024","1":"product","2":"type-product","3":"status-publish","4":"has-post-thumbnail","6":"colecciones-daniela-the-pirate","7":"edades-3-en","8":"product_cat-catalogue","9":"product_cat-picture-book","10":"product_tag-diversity","11":"product_tag-equality-feminism","12":"product_tag-friendship","13":"product_tag-pirate-girls-and-boys","15":"first","16":"instock","17":"product-type-simple"},"acf":[],"_links":{"self":[{"href":"https:\/\/www.nubeocho.com\/en\/wp-json\/wp\/v2\/product\/16024","targetHints":{"allow":["GET"]}}],"collection":[{"href":"https:\/\/www.nubeocho.com\/en\/wp-json\/wp\/v2\/product"}],"about":[{"href":"https:\/\/www.nubeocho.com\/en\/wp-json\/wp\/v2\/types\/product"}],"wp:featuredmedia":[{"embeddable":true,"href":"https:\/\/www.nubeocho.com\/en\/wp-json\/wp\/v2\/media\/22043"}],"wp:attachment":[{"href":"https:\/\/www.nubeocho.com\/en\/wp-json\/wp\/v2\/media?parent=16024"}],"wp:term":[{"taxonomy":"product_brand","embeddable":true,"href":"https:\/\/www.nubeocho.com\/en\/wp-json\/wp\/v2\/product_brand?post=16024"},{"taxonomy":"product_cat","embeddable":true,"href":"https:\/\/www.nubeocho.com\/en\/wp-json\/wp\/v2\/product_cat?post=16024"},{"taxonomy":"product_tag","embeddable":true,"href":"https:\/\/www.nubeocho.com\/en\/wp-json\/wp\/v2\/product_tag?post=16024"}],"curies":[{"name":"wp","href":"https:\/\/api.w.org\/{rel}","templated":true}]}}