{"id":15973,"date":"2019-10-14T14:13:03","date_gmt":"2019-10-14T12:13:03","guid":{"rendered":"https:\/\/www.nubeocho.com\/?post_type=product&#038;p=15973"},"modified":"2024-05-10T12:49:57","modified_gmt":"2024-05-10T10:49:57","slug":"cosas-de-bruja","status":"publish","type":"product","link":"https:\/\/www.nubeocho.com\/en\/product\/cosas-de-bruja\/","title":{"rendered":"Cosas de bruja"},"content":{"rendered":"<p>Esta bruja quiere robar un ni\u00f1o. Volando con su escoba llega al parque y all\u00ed encuentra a Nicol\u00e1s jugando con unas mu\u00f1ecas. &#8220;\u00a1Este mocoso ser\u00e1 perfecto! Adem\u00e1s parece travieso&#8230; Le roba las mu\u00f1ecas a su hermana para romperlas y molestarla&#8230;&#8221;. \u00a1Pero la bruja se llevar\u00e1 una gran sorpresa!<\/p>\n","protected":false},"excerpt":{"rendered":"<p>\u00bfQu\u00e9 son las cosas de bruja? Una divertida historia de brujas para abordar la diversidad.<\/p>\n","protected":false},"featured_media":3529,"template":"","meta":[],"product_brand":[],"product_cat":[619,626],"product_tag":[1615,1636,1633],"class_list":{"0":"post-15973","1":"product","2":"type-product","3":"status-publish","4":"has-post-thumbnail","6":"colecciones-egalite-en","7":"edades-4-en","8":"product_cat-catalogue","9":"product_cat-picture-book","10":"product_tag-diversity","11":"product_tag-equality-feminism","12":"product_tag-humor-en","14":"first","15":"instock","16":"product-type-simple"},"acf":[],"_links":{"self":[{"href":"https:\/\/www.nubeocho.com\/en\/wp-json\/wp\/v2\/product\/15973","targetHints":{"allow":["GET"]}}],"collection":[{"href":"https:\/\/www.nubeocho.com\/en\/wp-json\/wp\/v2\/product"}],"about":[{"href":"https:\/\/www.nubeocho.com\/en\/wp-json\/wp\/v2\/types\/product"}],"wp:featuredmedia":[{"embeddable":true,"href":"https:\/\/www.nubeocho.com\/en\/wp-json\/wp\/v2\/media\/3529"}],"wp:attachment":[{"href":"https:\/\/www.nubeocho.com\/en\/wp-json\/wp\/v2\/media?parent=15973"}],"wp:term":[{"taxonomy":"product_brand","embeddable":true,"href":"https:\/\/www.nubeocho.com\/en\/wp-json\/wp\/v2\/product_brand?post=15973"},{"taxonomy":"product_cat","embeddable":true,"href":"https:\/\/www.nubeocho.com\/en\/wp-json\/wp\/v2\/product_cat?post=15973"},{"taxonomy":"product_tag","embeddable":true,"href":"https:\/\/www.nubeocho.com\/en\/wp-json\/wp\/v2\/product_tag?post=15973"}],"curies":[{"name":"wp","href":"https:\/\/api.w.org\/{rel}","templated":true}]}}