{"id":15890,"date":"2019-10-07T14:34:39","date_gmt":"2019-10-07T12:34:39","guid":{"rendered":"https:\/\/www.nubeocho.com\/?post_type=product&#038;p=15890"},"modified":"2024-07-08T08:30:17","modified_gmt":"2024-07-08T06:30:17","slug":"federico-y-sus-familias","status":"publish","type":"product","link":"https:\/\/www.nubeocho.com\/en\/product\/federico-y-sus-familias\/","title":{"rendered":"Federico y sus familias"},"content":{"rendered":"<p>El gato Federico visita de tejado en tejado a todas sus familias. A Tadeo, que vive con sus abuelos; a Ana y sus dos mam\u00e1s; A Virginia, su pap\u00e1 y su mam\u00e1&#8230; Son familias diferentes y Federico las quiere a todas por igual.<\/p>\n","protected":false},"excerpt":{"rendered":"<p>Un libro de cart\u00f3n para que los m\u00e1s peque\u00f1os entiendan la riqueza de la diversidad desde el principio.<\/p>\n","protected":false},"featured_media":14908,"template":"","meta":[],"product_brand":[],"product_cat":[621,619],"product_tag":[1648,1615,1627],"class_list":{"0":"post-15890","1":"product","2":"type-product","3":"status-publish","4":"has-post-thumbnail","6":"colecciones-egalite-en","7":"colecciones-nube-de-carton","8":"edades-2-en","9":"product_cat-board-book","10":"product_cat-catalogue","11":"product_tag-board-book","12":"product_tag-diversity","13":"product_tag-family","15":"first","16":"instock","17":"taxable","18":"shipping-taxable","19":"product-type-simple"},"acf":[],"_links":{"self":[{"href":"https:\/\/www.nubeocho.com\/en\/wp-json\/wp\/v2\/product\/15890","targetHints":{"allow":["GET"]}}],"collection":[{"href":"https:\/\/www.nubeocho.com\/en\/wp-json\/wp\/v2\/product"}],"about":[{"href":"https:\/\/www.nubeocho.com\/en\/wp-json\/wp\/v2\/types\/product"}],"wp:featuredmedia":[{"embeddable":true,"href":"https:\/\/www.nubeocho.com\/en\/wp-json\/wp\/v2\/media\/14908"}],"wp:attachment":[{"href":"https:\/\/www.nubeocho.com\/en\/wp-json\/wp\/v2\/media?parent=15890"}],"wp:term":[{"taxonomy":"product_brand","embeddable":true,"href":"https:\/\/www.nubeocho.com\/en\/wp-json\/wp\/v2\/product_brand?post=15890"},{"taxonomy":"product_cat","embeddable":true,"href":"https:\/\/www.nubeocho.com\/en\/wp-json\/wp\/v2\/product_cat?post=15890"},{"taxonomy":"product_tag","embeddable":true,"href":"https:\/\/www.nubeocho.com\/en\/wp-json\/wp\/v2\/product_tag?post=15890"}],"curies":[{"name":"wp","href":"https:\/\/api.w.org\/{rel}","templated":true}]}}