{"id":15880,"date":"2019-10-07T13:33:32","date_gmt":"2019-10-07T11:33:32","guid":{"rendered":"https:\/\/www.nubeocho.com\/?post_type=product&#038;p=15880"},"modified":"2023-07-24T09:11:22","modified_gmt":"2023-07-24T07:11:22","slug":"la-princesa-sara-no-para","status":"publish","type":"product","link":"https:\/\/www.nubeocho.com\/en\/product\/la-princesa-sara-no-para\/","title":{"rendered":"La princesa Sara no para"},"content":{"rendered":"<p>El d\u00eda que naci\u00f3 la princesa Sara se acab\u00f3 la tranquilidad en el palacio. El jardinero, la ni\u00f1era, los camareros, la cocinera, y, sobre todo, los reyes estaban desesperados&#8230; Pero, \u00bfqu\u00e9 le pasa a la princesa? Entre tantas travesuras, nadie se ha dado cuenta&#8230; pero la princesa Sara \u00a1esconde un gran talento.<\/p>\n","protected":false},"excerpt":{"rendered":"<p>Entre tantas travesuras nadie se ha dado cuenta&#8230; pero la princesa Sara \u00a1esconde un gran talento!<\/p>\n","protected":false},"featured_media":15881,"template":"","meta":[],"product_brand":[],"product_cat":[619,626],"product_tag":[1645,1633],"class_list":{"0":"post-15880","1":"product","2":"type-product","3":"status-publish","4":"has-post-thumbnail","6":"colecciones-somos8-en","7":"edades-4-en","8":"product_cat-catalogue","9":"product_cat-picture-book","10":"product_tag-help-us-to-think","11":"product_tag-humor-en","13":"first","14":"instock","15":"product-type-simple"},"acf":[],"_links":{"self":[{"href":"https:\/\/www.nubeocho.com\/en\/wp-json\/wp\/v2\/product\/15880","targetHints":{"allow":["GET"]}}],"collection":[{"href":"https:\/\/www.nubeocho.com\/en\/wp-json\/wp\/v2\/product"}],"about":[{"href":"https:\/\/www.nubeocho.com\/en\/wp-json\/wp\/v2\/types\/product"}],"wp:featuredmedia":[{"embeddable":true,"href":"https:\/\/www.nubeocho.com\/en\/wp-json\/wp\/v2\/media\/15881"}],"wp:attachment":[{"href":"https:\/\/www.nubeocho.com\/en\/wp-json\/wp\/v2\/media?parent=15880"}],"wp:term":[{"taxonomy":"product_brand","embeddable":true,"href":"https:\/\/www.nubeocho.com\/en\/wp-json\/wp\/v2\/product_brand?post=15880"},{"taxonomy":"product_cat","embeddable":true,"href":"https:\/\/www.nubeocho.com\/en\/wp-json\/wp\/v2\/product_cat?post=15880"},{"taxonomy":"product_tag","embeddable":true,"href":"https:\/\/www.nubeocho.com\/en\/wp-json\/wp\/v2\/product_tag?post=15880"}],"curies":[{"name":"wp","href":"https:\/\/api.w.org\/{rel}","templated":true}]}}