{"id":15792,"date":"2019-08-27T14:15:53","date_gmt":"2019-08-27T12:15:53","guid":{"rendered":"https:\/\/www.nubeocho.com\/?post_type=product&#038;p=15792"},"modified":"2023-07-24T09:12:58","modified_gmt":"2023-07-24T07:12:58","slug":"hoy-no-juegas","status":"publish","type":"product","link":"https:\/\/www.nubeocho.com\/en\/product\/hoy-no-juegas\/","title":{"rendered":"Hoy no juegas"},"content":{"rendered":"<p>La nueva ni\u00f1a, Emma, es muy dominante y act\u00faa de forma injusta y abusiva con sus compa\u00f1eros. Les quita el almuerzo, decide qui\u00e9n juega y a qu\u00e9 se juega&#8230;<\/p>\n","protected":false},"excerpt":{"rendered":"<p>Ha llegado una ni\u00f1a nueva al cole y ha creado nuevas reglas. Hoy no juegas habla sobre el acoso escolar y c\u00f3mo hacerle frente.<\/p>\n","protected":false},"featured_media":13471,"template":"","meta":[],"product_brand":[],"product_cat":[619,626],"product_tag":[1524,1602,1645],"class_list":{"0":"post-15792","1":"product","2":"type-product","3":"status-publish","4":"has-post-thumbnail","6":"colecciones-egalite-en","7":"edades-4-en","8":"product_cat-catalogue","9":"product_cat-picture-book","10":"product_tag-bullying","11":"product_tag-friendship","12":"product_tag-help-us-to-think","14":"first","15":"instock","16":"product-type-simple"},"acf":[],"_links":{"self":[{"href":"https:\/\/www.nubeocho.com\/en\/wp-json\/wp\/v2\/product\/15792","targetHints":{"allow":["GET"]}}],"collection":[{"href":"https:\/\/www.nubeocho.com\/en\/wp-json\/wp\/v2\/product"}],"about":[{"href":"https:\/\/www.nubeocho.com\/en\/wp-json\/wp\/v2\/types\/product"}],"wp:featuredmedia":[{"embeddable":true,"href":"https:\/\/www.nubeocho.com\/en\/wp-json\/wp\/v2\/media\/13471"}],"wp:attachment":[{"href":"https:\/\/www.nubeocho.com\/en\/wp-json\/wp\/v2\/media?parent=15792"}],"wp:term":[{"taxonomy":"product_brand","embeddable":true,"href":"https:\/\/www.nubeocho.com\/en\/wp-json\/wp\/v2\/product_brand?post=15792"},{"taxonomy":"product_cat","embeddable":true,"href":"https:\/\/www.nubeocho.com\/en\/wp-json\/wp\/v2\/product_cat?post=15792"},{"taxonomy":"product_tag","embeddable":true,"href":"https:\/\/www.nubeocho.com\/en\/wp-json\/wp\/v2\/product_tag?post=15792"}],"curies":[{"name":"wp","href":"https:\/\/api.w.org\/{rel}","templated":true}]}}