{"id":15777,"date":"2019-06-04T14:32:32","date_gmt":"2019-06-04T12:32:32","guid":{"rendered":"https:\/\/www.nubeocho.com\/?post_type=product&#038;p=15777"},"modified":"2023-07-24T09:14:18","modified_gmt":"2023-07-24T07:14:18","slug":"que-es-ese-ruido","status":"publish","type":"product","link":"https:\/\/www.nubeocho.com\/en\/product\/que-es-ese-ruido\/","title":{"rendered":"\u00bfQu\u00e9 es ese ruido?"},"content":{"rendered":"<p>Cuando se escuchan ruidos extra\u00f1os en casa, nuestro peque\u00f1o protagonista imagina qui\u00e9n puede gru\u00f1ir as\u00ed: un gran oso, un le\u00f3n, un drag\u00f3n, un ogro, una lombriz gigante\u2026<\/p>\n","protected":false},"excerpt":{"rendered":"<p>Cuando se escuchan ruidos extra\u00f1os en casa, nuestro peque\u00f1o protagonista imagina qui\u00e9n puede gru\u00f1ir as\u00ed: un gran oso, un le\u00f3n, un drag\u00f3n, un ogro, una lombriz gigante\u2026<\/p>\n","protected":false},"featured_media":9607,"template":"","meta":[],"product_brand":[],"product_cat":[619,626],"product_tag":[1627,1633,1606],"class_list":{"0":"post-15777","1":"product","2":"type-product","3":"status-publish","4":"has-post-thumbnail","6":"colecciones-somos8-en","7":"edades-3-en","8":"product_cat-catalogue","9":"product_cat-picture-book","10":"product_tag-family","11":"product_tag-humor-en","12":"product_tag-international-authors","14":"first","15":"instock","16":"product-type-simple"},"acf":[],"_links":{"self":[{"href":"https:\/\/www.nubeocho.com\/en\/wp-json\/wp\/v2\/product\/15777","targetHints":{"allow":["GET"]}}],"collection":[{"href":"https:\/\/www.nubeocho.com\/en\/wp-json\/wp\/v2\/product"}],"about":[{"href":"https:\/\/www.nubeocho.com\/en\/wp-json\/wp\/v2\/types\/product"}],"wp:featuredmedia":[{"embeddable":true,"href":"https:\/\/www.nubeocho.com\/en\/wp-json\/wp\/v2\/media\/9607"}],"wp:attachment":[{"href":"https:\/\/www.nubeocho.com\/en\/wp-json\/wp\/v2\/media?parent=15777"}],"wp:term":[{"taxonomy":"product_brand","embeddable":true,"href":"https:\/\/www.nubeocho.com\/en\/wp-json\/wp\/v2\/product_brand?post=15777"},{"taxonomy":"product_cat","embeddable":true,"href":"https:\/\/www.nubeocho.com\/en\/wp-json\/wp\/v2\/product_cat?post=15777"},{"taxonomy":"product_tag","embeddable":true,"href":"https:\/\/www.nubeocho.com\/en\/wp-json\/wp\/v2\/product_tag?post=15777"}],"curies":[{"name":"wp","href":"https:\/\/api.w.org\/{rel}","templated":true}]}}