{"id":15731,"date":"2018-11-06T13:35:50","date_gmt":"2018-11-06T12:35:50","guid":{"rendered":"https:\/\/www.nubeocho.com\/?post_type=product&#038;p=15731"},"modified":"2023-07-24T09:15:47","modified_gmt":"2023-07-24T07:15:47","slug":"una-gran-ayuda","status":"publish","type":"product","link":"https:\/\/www.nubeocho.com\/en\/product\/una-gran-ayuda\/","title":{"rendered":"Una gran ayuda"},"content":{"rendered":"<p>Tej\u00f3n ha perdido su osito de peluche y est\u00e1 muy triste. Su amigo Oso le va a ayudar a encontrarlo. Juntos buscar\u00e1n en el prado, en los matorrales, en el lago&#8230; \u00bflo encontrar\u00e1n? Oso no se rendir\u00e1, \u00bfdejar\u00e1 Tej\u00f3n de estar triste? Una emocionante y divertida historia sobre la fuerza de la amistad.<\/p>\n","protected":false},"excerpt":{"rendered":"<p>Oso no se rendir\u00e1, \u00bfdejar\u00e1 Tej\u00f3n de estar triste? Una emocionante y divertida historia sobre la fuerza de la amistad.<\/p>\n","protected":false},"featured_media":15732,"template":"","meta":[],"product_brand":[],"product_cat":[619,626],"product_tag":[1602,1633],"class_list":{"0":"post-15731","1":"product","2":"type-product","3":"status-publish","4":"has-post-thumbnail","6":"colecciones-somos8-en","7":"edades-3-en","8":"product_cat-catalogue","9":"product_cat-picture-book","10":"product_tag-friendship","11":"product_tag-humor-en","13":"first","14":"instock","15":"product-type-simple"},"acf":[],"_links":{"self":[{"href":"https:\/\/www.nubeocho.com\/en\/wp-json\/wp\/v2\/product\/15731","targetHints":{"allow":["GET"]}}],"collection":[{"href":"https:\/\/www.nubeocho.com\/en\/wp-json\/wp\/v2\/product"}],"about":[{"href":"https:\/\/www.nubeocho.com\/en\/wp-json\/wp\/v2\/types\/product"}],"wp:featuredmedia":[{"embeddable":true,"href":"https:\/\/www.nubeocho.com\/en\/wp-json\/wp\/v2\/media\/15732"}],"wp:attachment":[{"href":"https:\/\/www.nubeocho.com\/en\/wp-json\/wp\/v2\/media?parent=15731"}],"wp:term":[{"taxonomy":"product_brand","embeddable":true,"href":"https:\/\/www.nubeocho.com\/en\/wp-json\/wp\/v2\/product_brand?post=15731"},{"taxonomy":"product_cat","embeddable":true,"href":"https:\/\/www.nubeocho.com\/en\/wp-json\/wp\/v2\/product_cat?post=15731"},{"taxonomy":"product_tag","embeddable":true,"href":"https:\/\/www.nubeocho.com\/en\/wp-json\/wp\/v2\/product_tag?post=15731"}],"curies":[{"name":"wp","href":"https:\/\/api.w.org\/{rel}","templated":true}]}}