{"id":15720,"date":"2018-10-02T13:25:45","date_gmt":"2018-10-02T11:25:45","guid":{"rendered":"https:\/\/www.nubeocho.com\/?post_type=product&#038;p=15720"},"modified":"2024-04-08T14:58:37","modified_gmt":"2024-04-08T12:58:37","slug":"las-princesas-mas-valientes","status":"publish","type":"product","link":"https:\/\/www.nubeocho.com\/en\/product\/las-princesas-mas-valientes\/","title":{"rendered":"Las princesas m\u00e1s valientes"},"content":{"rendered":"<p>La princesa Nin es bombera, y la princesa Zoe, astronauta; la princesa Cristina tiene un parche en el ojo pero juega al f\u00fatbol como nadie; la princesa Manuela est\u00e1 jubilada; la princesa Liang est\u00e1 en silla de ruedas y es traductora. Son princesas ni\u00f1as, j\u00f3venes, adultas y ancianas. En este \u00e1lbum ilustrado conocer\u00e1s a una princesa divorciada, a una madre soltera, a una viuda\u2026 Las princesas m\u00e1s valientes creen en la igualdad. Y t\u00fa, \u00bfconoces a alguna princesa valiente?<\/p>\n<p><a href=\"https:\/\/www.nubeocho.com\/wp-content\/uploads\/2017\/04\/Sin-ti\u0301tulo-1-copia.jpg\"><img loading=\"lazy\" decoding=\"async\" class=\"alignnone size-large wp-image-19778\" src=\"https:\/\/www.nubeocho.com\/wp-content\/uploads\/2017\/04\/Sin-ti\u0301tulo-1-copia-1024x214.jpg\" alt=\"\" width=\"1024\" height=\"214\" srcset=\"https:\/\/www.nubeocho.com\/wp-content\/uploads\/2017\/04\/Sin-ti\u0301tulo-1-copia-1024x214.jpg 1024w, https:\/\/www.nubeocho.com\/wp-content\/uploads\/2017\/04\/Sin-ti\u0301tulo-1-copia-300x63.jpg 300w, https:\/\/www.nubeocho.com\/wp-content\/uploads\/2017\/04\/Sin-ti\u0301tulo-1-copia-768x161.jpg 768w, https:\/\/www.nubeocho.com\/wp-content\/uploads\/2017\/04\/Sin-ti\u0301tulo-1-copia-320x67.jpg 320w, https:\/\/www.nubeocho.com\/wp-content\/uploads\/2017\/04\/Sin-ti\u0301tulo-1-copia-600x125.jpg 600w, https:\/\/www.nubeocho.com\/wp-content\/uploads\/2017\/04\/Sin-ti\u0301tulo-1-copia.jpg 1382w\" sizes=\"auto, (max-width: 1024px) 100vw, 1024px\" \/><\/a><\/p>\n","protected":false},"excerpt":{"rendered":"<p>Las princesas m\u00e1s valientes creen en la igualdad. Mira a tu alrededor y descubrir\u00e1s muchas princesas valientes.<\/p>\n","protected":false},"featured_media":15722,"template":"","meta":[],"product_brand":[],"product_cat":[619,626],"product_tag":[1615,1636,1645],"class_list":{"0":"post-15720","1":"product","2":"type-product","3":"status-publish","4":"has-post-thumbnail","6":"colecciones-egalite-en","7":"edades-3-en","8":"product_cat-catalogue","9":"product_cat-picture-book","10":"product_tag-diversity","11":"product_tag-equality-feminism","12":"product_tag-help-us-to-think","14":"first","15":"instock","16":"product-type-simple"},"acf":[],"_links":{"self":[{"href":"https:\/\/www.nubeocho.com\/en\/wp-json\/wp\/v2\/product\/15720","targetHints":{"allow":["GET"]}}],"collection":[{"href":"https:\/\/www.nubeocho.com\/en\/wp-json\/wp\/v2\/product"}],"about":[{"href":"https:\/\/www.nubeocho.com\/en\/wp-json\/wp\/v2\/types\/product"}],"wp:featuredmedia":[{"embeddable":true,"href":"https:\/\/www.nubeocho.com\/en\/wp-json\/wp\/v2\/media\/15722"}],"wp:attachment":[{"href":"https:\/\/www.nubeocho.com\/en\/wp-json\/wp\/v2\/media?parent=15720"}],"wp:term":[{"taxonomy":"product_brand","embeddable":true,"href":"https:\/\/www.nubeocho.com\/en\/wp-json\/wp\/v2\/product_brand?post=15720"},{"taxonomy":"product_cat","embeddable":true,"href":"https:\/\/www.nubeocho.com\/en\/wp-json\/wp\/v2\/product_cat?post=15720"},{"taxonomy":"product_tag","embeddable":true,"href":"https:\/\/www.nubeocho.com\/en\/wp-json\/wp\/v2\/product_tag?post=15720"}],"curies":[{"name":"wp","href":"https:\/\/api.w.org\/{rel}","templated":true}]}}