{"id":15709,"date":"2018-09-25T13:17:28","date_gmt":"2018-09-25T11:17:28","guid":{"rendered":"https:\/\/www.nubeocho.com\/?post_type=product&#038;p=15709"},"modified":"2023-07-24T09:17:12","modified_gmt":"2023-07-24T07:17:12","slug":"gilda-la-oveja-gigante","status":"publish","type":"product","link":"https:\/\/www.nubeocho.com\/en\/product\/gilda-la-oveja-gigante\/","title":{"rendered":"Gilda, la oveja gigante"},"content":{"rendered":"<p>Gilda, la oveja gigante, vive con veinte pastores. Da tanta leche y tanta lana que, un d\u00eda, los pastores se cansan de trabajar y deciden deshacerse de ella. Gilda escapa a la gran ciudad, donde vivir\u00e1 una incre\u00edble aventura. Pero, \u00bfencontrar\u00e1 un nuevo hogar? En su 25\u00ba aniversario, &#8220;Gilda, la oveja gigante&#8221;, se public\u00f3 por primera vez en espa\u00f1ol. De la mano del Premio Nacional de Ilustraci\u00f3n, Emilio Urberuaga, nos lleg\u00f3 una tierna historia que habla de diversidad y amistad.<\/p>\n","protected":false},"excerpt":{"rendered":"<p>En su 25\u00ba aniversario, <em>Gilda, la oveja gigante<\/em> se public\u00f3 por primera vez en espa\u00f1ol. De la mano del Premio Nacional de Ilustraci\u00f3n Emilio Urberuaga.<\/p>\n","protected":false},"featured_media":15711,"template":"","meta":[],"product_brand":[],"product_cat":[619,626],"product_tag":[1615,1627,1602],"class_list":{"0":"post-15709","1":"product","2":"type-product","3":"status-publish","4":"has-post-thumbnail","6":"colecciones-somos8-en","7":"edades-4-en","8":"product_cat-catalogue","9":"product_cat-picture-book","10":"product_tag-diversity","11":"product_tag-family","12":"product_tag-friendship","14":"first","15":"instock","16":"product-type-simple"},"acf":[],"_links":{"self":[{"href":"https:\/\/www.nubeocho.com\/en\/wp-json\/wp\/v2\/product\/15709","targetHints":{"allow":["GET"]}}],"collection":[{"href":"https:\/\/www.nubeocho.com\/en\/wp-json\/wp\/v2\/product"}],"about":[{"href":"https:\/\/www.nubeocho.com\/en\/wp-json\/wp\/v2\/types\/product"}],"wp:featuredmedia":[{"embeddable":true,"href":"https:\/\/www.nubeocho.com\/en\/wp-json\/wp\/v2\/media\/15711"}],"wp:attachment":[{"href":"https:\/\/www.nubeocho.com\/en\/wp-json\/wp\/v2\/media?parent=15709"}],"wp:term":[{"taxonomy":"product_brand","embeddable":true,"href":"https:\/\/www.nubeocho.com\/en\/wp-json\/wp\/v2\/product_brand?post=15709"},{"taxonomy":"product_cat","embeddable":true,"href":"https:\/\/www.nubeocho.com\/en\/wp-json\/wp\/v2\/product_cat?post=15709"},{"taxonomy":"product_tag","embeddable":true,"href":"https:\/\/www.nubeocho.com\/en\/wp-json\/wp\/v2\/product_tag?post=15709"}],"curies":[{"name":"wp","href":"https:\/\/api.w.org\/{rel}","templated":true}]}}