{"id":15698,"date":"2018-09-04T13:06:39","date_gmt":"2018-09-04T11:06:39","guid":{"rendered":"https:\/\/www.nubeocho.com\/?post_type=product&#038;p=15698"},"modified":"2026-01-19T13:03:01","modified_gmt":"2026-01-19T12:03:01","slug":"daniela-pirata","status":"publish","type":"product","link":"https:\/\/www.nubeocho.com\/en\/product\/daniela-pirata\/","title":{"rendered":"Daniela Pirata"},"content":{"rendered":"<p>Daniela sue\u00f1a con ser pirata en el Caim\u00e1n Negro.<br \/>\nPero Orejacortada y sus piratas no parecen muy contentos con la idea.<br \/>\nDaniela tendr\u00e1 que pasar dif\u00edciles pruebas y se enfrentar\u00e1 a piratas machistas.<\/p>\n<p>\u00bfConseguir\u00e1 la ni\u00f1a convertirse en una pirata del Caim\u00e1n Negro?<\/p>\n","protected":false},"excerpt":{"rendered":"<p>Los piratas del Caim\u00e1n Negro no quieren ni\u00f1as en su barco. \u00bfQu\u00e9 pasar\u00e1 cuando llegue Daniela?<\/p>\n","protected":false},"featured_media":21881,"template":"","meta":[],"product_brand":[],"product_cat":[619,626],"product_tag":[1636,1630,1609],"class_list":{"0":"post-15698","1":"product","2":"type-product","3":"status-publish","4":"has-post-thumbnail","6":"colecciones-daniela-the-pirate","7":"edades-4-en","8":"product_cat-catalogue","9":"product_cat-picture-book","10":"product_tag-equality-feminism","11":"product_tag-great-successes-bestsellers","12":"product_tag-pirate-girls-and-boys","14":"first","15":"instock","16":"product-type-simple"},"acf":[],"_links":{"self":[{"href":"https:\/\/www.nubeocho.com\/en\/wp-json\/wp\/v2\/product\/15698","targetHints":{"allow":["GET"]}}],"collection":[{"href":"https:\/\/www.nubeocho.com\/en\/wp-json\/wp\/v2\/product"}],"about":[{"href":"https:\/\/www.nubeocho.com\/en\/wp-json\/wp\/v2\/types\/product"}],"wp:featuredmedia":[{"embeddable":true,"href":"https:\/\/www.nubeocho.com\/en\/wp-json\/wp\/v2\/media\/21881"}],"wp:attachment":[{"href":"https:\/\/www.nubeocho.com\/en\/wp-json\/wp\/v2\/media?parent=15698"}],"wp:term":[{"taxonomy":"product_brand","embeddable":true,"href":"https:\/\/www.nubeocho.com\/en\/wp-json\/wp\/v2\/product_brand?post=15698"},{"taxonomy":"product_cat","embeddable":true,"href":"https:\/\/www.nubeocho.com\/en\/wp-json\/wp\/v2\/product_cat?post=15698"},{"taxonomy":"product_tag","embeddable":true,"href":"https:\/\/www.nubeocho.com\/en\/wp-json\/wp\/v2\/product_tag?post=15698"}],"curies":[{"name":"wp","href":"https:\/\/api.w.org\/{rel}","templated":true}]}}