{"id":15678,"date":"2018-06-19T12:49:58","date_gmt":"2018-06-19T10:49:58","guid":{"rendered":"https:\/\/www.nubeocho.com\/?post_type=product&#038;p=15678"},"modified":"2023-07-24T09:22:13","modified_gmt":"2023-07-24T07:22:13","slug":"alegria","status":"publish","type":"product","link":"https:\/\/www.nubeocho.com\/en\/product\/alegria\/","title":{"rendered":"Alegr\u00eda"},"content":{"rendered":"<p>Alegr\u00eda es una peque\u00f1a duendecilla. Cada vez que Mateo la ve, todo se convierte en una fiesta. Pero la Bruja de Trapo no la soporta, y un d\u00eda pronuncia un hechizo para que todos los caprichos de Mateo se cumplan al instante.<\/p>\n","protected":false},"excerpt":{"rendered":"<p>Duendes, hadas y brujas en una tierna historia que nos recuerda que, si tenemos todos nuestros antojos, la alegr\u00eda desaparece.<\/p>\n","protected":false},"featured_media":15679,"template":"","meta":[],"product_brand":[],"product_cat":[619,626],"product_tag":[1621],"class_list":{"0":"post-15678","1":"product","2":"type-product","3":"status-publish","4":"has-post-thumbnail","6":"colecciones-somos8-en","7":"edades-4-en","8":"product_cat-catalogue","9":"product_cat-picture-book","10":"product_tag-emotions","12":"first","13":"instock","14":"product-type-simple"},"acf":[],"_links":{"self":[{"href":"https:\/\/www.nubeocho.com\/en\/wp-json\/wp\/v2\/product\/15678","targetHints":{"allow":["GET"]}}],"collection":[{"href":"https:\/\/www.nubeocho.com\/en\/wp-json\/wp\/v2\/product"}],"about":[{"href":"https:\/\/www.nubeocho.com\/en\/wp-json\/wp\/v2\/types\/product"}],"wp:featuredmedia":[{"embeddable":true,"href":"https:\/\/www.nubeocho.com\/en\/wp-json\/wp\/v2\/media\/15679"}],"wp:attachment":[{"href":"https:\/\/www.nubeocho.com\/en\/wp-json\/wp\/v2\/media?parent=15678"}],"wp:term":[{"taxonomy":"product_brand","embeddable":true,"href":"https:\/\/www.nubeocho.com\/en\/wp-json\/wp\/v2\/product_brand?post=15678"},{"taxonomy":"product_cat","embeddable":true,"href":"https:\/\/www.nubeocho.com\/en\/wp-json\/wp\/v2\/product_cat?post=15678"},{"taxonomy":"product_tag","embeddable":true,"href":"https:\/\/www.nubeocho.com\/en\/wp-json\/wp\/v2\/product_tag?post=15678"}],"curies":[{"name":"wp","href":"https:\/\/api.w.org\/{rel}","templated":true}]}}