{"id":15667,"date":"2018-05-15T12:24:40","date_gmt":"2018-05-15T10:24:40","guid":{"rendered":"https:\/\/www.nubeocho.com\/producto\/el-emocionometro-del-inspector-drilo-copia\/"},"modified":"2024-02-19T11:48:04","modified_gmt":"2024-02-19T10:48:04","slug":"el-emocionometro-del-inspector-drilo-copia","status":"publish","type":"product","link":"https:\/\/www.nubeocho.com\/en\/product\/el-emocionometro-del-inspector-drilo-copia\/","title":{"rendered":"El emocion\u00f3metro del Inspector Drilo"},"content":{"rendered":"<p>El manual m\u00e1s completo para ayudarnos a entender, medir y regular nuestras emociones.<br \/>\nEl Inspector Drilo nos ayudar\u00e1 a entender las diez emociones b\u00e1sicas con su gran invento: el EMOCION\u00d3METRO.<br \/>\nSabremos qu\u00e9 sentimos con esta rueda de emociones. Diez emociones, diez EMIS para ayudarnos a entenderlas. Y, por supuesto, nuestro detective favorito: \u00a1el Inspector Drilo! \u00c9l nos ayudar\u00e1 a utilizar el EMOCION\u00d3METRO que nosotros mismos podremos fabricar para hacer girar la rueda de las emociones. Y saber qu\u00e9 sentimos.<\/p>\n<p><a href=\"https:\/\/www.nubeocho.com\/wp-content\/uploads\/2021\/02\/Sin-ti\u0301tulo-1-copia.jpg\"><img loading=\"lazy\" decoding=\"async\" class=\"alignnone size-large wp-image-19348\" src=\"https:\/\/www.nubeocho.com\/wp-content\/uploads\/2021\/02\/Sin-ti\u0301tulo-1-copia-1024x214.jpg\" alt=\"\" width=\"1024\" height=\"214\" srcset=\"https:\/\/www.nubeocho.com\/wp-content\/uploads\/2021\/02\/Sin-ti\u0301tulo-1-copia-1024x214.jpg 1024w, https:\/\/www.nubeocho.com\/wp-content\/uploads\/2021\/02\/Sin-ti\u0301tulo-1-copia-300x63.jpg 300w, https:\/\/www.nubeocho.com\/wp-content\/uploads\/2021\/02\/Sin-ti\u0301tulo-1-copia-768x161.jpg 768w, https:\/\/www.nubeocho.com\/wp-content\/uploads\/2021\/02\/Sin-ti\u0301tulo-1-copia-320x67.jpg 320w, https:\/\/www.nubeocho.com\/wp-content\/uploads\/2021\/02\/Sin-ti\u0301tulo-1-copia-600x125.jpg 600w, https:\/\/www.nubeocho.com\/wp-content\/uploads\/2021\/02\/Sin-ti\u0301tulo-1-copia.jpg 1382w\" sizes=\"auto, (max-width: 1024px) 100vw, 1024px\" \/><\/a><\/p>\n","protected":false},"excerpt":{"rendered":"<p>El manual m\u00e1s completo para ayudarnos a entender, medir y regular nuestras emociones.<\/p>\n","protected":false},"featured_media":15669,"template":"","meta":[],"product_brand":[],"product_cat":[619,626],"product_tag":[1621,1645,1633],"class_list":{"0":"post-15667","1":"product","2":"type-product","3":"status-publish","4":"has-post-thumbnail","6":"colecciones-somos8-en","7":"edades-7-en","8":"product_cat-catalogue","9":"product_cat-picture-book","10":"product_tag-emotions","11":"product_tag-help-us-to-think","12":"product_tag-humor-en","14":"first","15":"instock","16":"product-type-simple"},"acf":[],"_links":{"self":[{"href":"https:\/\/www.nubeocho.com\/en\/wp-json\/wp\/v2\/product\/15667","targetHints":{"allow":["GET"]}}],"collection":[{"href":"https:\/\/www.nubeocho.com\/en\/wp-json\/wp\/v2\/product"}],"about":[{"href":"https:\/\/www.nubeocho.com\/en\/wp-json\/wp\/v2\/types\/product"}],"wp:featuredmedia":[{"embeddable":true,"href":"https:\/\/www.nubeocho.com\/en\/wp-json\/wp\/v2\/media\/15669"}],"wp:attachment":[{"href":"https:\/\/www.nubeocho.com\/en\/wp-json\/wp\/v2\/media?parent=15667"}],"wp:term":[{"taxonomy":"product_brand","embeddable":true,"href":"https:\/\/www.nubeocho.com\/en\/wp-json\/wp\/v2\/product_brand?post=15667"},{"taxonomy":"product_cat","embeddable":true,"href":"https:\/\/www.nubeocho.com\/en\/wp-json\/wp\/v2\/product_cat?post=15667"},{"taxonomy":"product_tag","embeddable":true,"href":"https:\/\/www.nubeocho.com\/en\/wp-json\/wp\/v2\/product_tag?post=15667"}],"curies":[{"name":"wp","href":"https:\/\/api.w.org\/{rel}","templated":true}]}}