{"id":15645,"date":"2018-04-03T14:01:28","date_gmt":"2018-04-03T12:01:28","guid":{"rendered":"https:\/\/www.nubeocho.com\/?post_type=product&#038;p=15645"},"modified":"2023-07-24T09:24:41","modified_gmt":"2023-07-24T07:24:41","slug":"las-siete-camas-de-liron","status":"publish","type":"product","link":"https:\/\/www.nubeocho.com\/en\/product\/las-siete-camas-de-liron\/","title":{"rendered":"Las siete camas de Lir\u00f3n"},"content":{"rendered":"<p>Cada ma\u00f1ana Lir\u00f3n aparece dormido en un sitio diferente. Dentro del zapato de Oso, en la caja de zanahorias de Conejo, en los cuernos de Ciervo\u2026<\/p>\n<p>Un d\u00eda, los dem\u00e1s animales se enfadan y le dicen que tiene que dormir en su casa. Pero Lir\u00f3n, que en realidad tiene miedo de dormir solo, tiene la mala idea de ir a dormir a casa del temible Lobo.<\/p>\n","protected":false},"excerpt":{"rendered":"<p>Lir\u00f3n se despierta un d\u00eda en la caja de zanahorias de Conejo\u2026 \u00bfPor qu\u00e9 no duerme en su cama?<\/p>\n","protected":false},"featured_media":15648,"template":"","meta":[],"product_brand":[],"product_cat":[619,626],"product_tag":[1639],"class_list":{"0":"post-15645","1":"product","2":"type-product","3":"status-publish","4":"has-post-thumbnail","6":"colecciones-somos8-en","7":"edades-3-en","8":"product_cat-catalogue","9":"product_cat-picture-book","10":"product_tag-fear","12":"first","13":"instock","14":"product-type-simple"},"acf":[],"_links":{"self":[{"href":"https:\/\/www.nubeocho.com\/en\/wp-json\/wp\/v2\/product\/15645","targetHints":{"allow":["GET"]}}],"collection":[{"href":"https:\/\/www.nubeocho.com\/en\/wp-json\/wp\/v2\/product"}],"about":[{"href":"https:\/\/www.nubeocho.com\/en\/wp-json\/wp\/v2\/types\/product"}],"wp:featuredmedia":[{"embeddable":true,"href":"https:\/\/www.nubeocho.com\/en\/wp-json\/wp\/v2\/media\/15648"}],"wp:attachment":[{"href":"https:\/\/www.nubeocho.com\/en\/wp-json\/wp\/v2\/media?parent=15645"}],"wp:term":[{"taxonomy":"product_brand","embeddable":true,"href":"https:\/\/www.nubeocho.com\/en\/wp-json\/wp\/v2\/product_brand?post=15645"},{"taxonomy":"product_cat","embeddable":true,"href":"https:\/\/www.nubeocho.com\/en\/wp-json\/wp\/v2\/product_cat?post=15645"},{"taxonomy":"product_tag","embeddable":true,"href":"https:\/\/www.nubeocho.com\/en\/wp-json\/wp\/v2\/product_tag?post=15645"}],"curies":[{"name":"wp","href":"https:\/\/api.w.org\/{rel}","templated":true}]}}