{"id":15634,"date":"2025-05-12T09:55:28","date_gmt":"2025-05-12T07:55:28","guid":{"rendered":"https:\/\/www.nubeocho.com\/?post_type=product&#038;p=15634"},"modified":"2025-05-12T10:18:38","modified_gmt":"2025-05-12T08:18:38","slug":"abrazo-de-oso","status":"publish","type":"product","link":"https:\/\/www.nubeocho.com\/en\/product\/abrazo-de-oso\/","title":{"rendered":"Abrazo de oso"},"content":{"rendered":"<p>Natuk y Oso Blanco eran inseparables. Hasta que un d\u00eda, algo terrible sucedi\u00f3. Esta es la historia de su amistad. Una f\u00e1bula invernal que nos narra la amistad entre una ni\u00f1a inuit y un oso polar. Algunos amigos son inseparables.<\/p>\n","protected":false},"excerpt":{"rendered":"<p>La peque\u00f1a Nanuk y Oso tienen que separarse. Esta es la historia de su amistad.<\/p>\n","protected":false},"featured_media":15636,"template":"","meta":[],"product_brand":[],"product_cat":[619,626],"product_tag":[1615,1621,1602],"class_list":{"0":"post-15634","1":"product","2":"type-product","3":"status-publish","4":"has-post-thumbnail","6":"colecciones-somos8-en","7":"edades-3-en","8":"product_cat-catalogue","9":"product_cat-picture-book","10":"product_tag-diversity","11":"product_tag-emotions","12":"product_tag-friendship","14":"first","15":"instock","16":"product-type-simple"},"acf":[],"_links":{"self":[{"href":"https:\/\/www.nubeocho.com\/en\/wp-json\/wp\/v2\/product\/15634","targetHints":{"allow":["GET"]}}],"collection":[{"href":"https:\/\/www.nubeocho.com\/en\/wp-json\/wp\/v2\/product"}],"about":[{"href":"https:\/\/www.nubeocho.com\/en\/wp-json\/wp\/v2\/types\/product"}],"wp:featuredmedia":[{"embeddable":true,"href":"https:\/\/www.nubeocho.com\/en\/wp-json\/wp\/v2\/media\/15636"}],"wp:attachment":[{"href":"https:\/\/www.nubeocho.com\/en\/wp-json\/wp\/v2\/media?parent=15634"}],"wp:term":[{"taxonomy":"product_brand","embeddable":true,"href":"https:\/\/www.nubeocho.com\/en\/wp-json\/wp\/v2\/product_brand?post=15634"},{"taxonomy":"product_cat","embeddable":true,"href":"https:\/\/www.nubeocho.com\/en\/wp-json\/wp\/v2\/product_cat?post=15634"},{"taxonomy":"product_tag","embeddable":true,"href":"https:\/\/www.nubeocho.com\/en\/wp-json\/wp\/v2\/product_tag?post=15634"}],"curies":[{"name":"wp","href":"https:\/\/api.w.org\/{rel}","templated":true}]}}