{"id":15623,"date":"2017-09-18T13:32:15","date_gmt":"2017-09-18T11:32:15","guid":{"rendered":"https:\/\/www.nubeocho.com\/?post_type=product&#038;p=15623"},"modified":"2023-07-24T09:26:25","modified_gmt":"2023-07-24T07:26:25","slug":"una-sorpresa-para-tortuga-copia","status":"publish","type":"product","link":"https:\/\/www.nubeocho.com\/en\/product\/una-sorpresa-para-tortuga-copia\/","title":{"rendered":"Una sorpresa para tortuga"},"content":{"rendered":"<p>Cuando aquella ma\u00f1ana Tortuga se mir\u00f3 en la charca, se dio cuenta de que su caparaz\u00f3n estaba viejo y desgastado. Se sinti\u00f3 triste, pero pronto lleg\u00f3 su gran amigo Pajarito. Y ten\u00eda una idea para ayudar a su amiga\u2026<\/p>\n","protected":false},"excerpt":{"rendered":"<p>Tortuga se siente triste al darse cuenta de que su caparaz\u00f3n est\u00e1 viejo y desgastado. Pero Pajarito ha tenido una gran idea.<\/p>\n","protected":false},"featured_media":15625,"template":"","meta":[],"product_brand":[],"product_cat":[619,626],"product_tag":[1621,1602,1645],"class_list":{"0":"post-15623","1":"product","2":"type-product","3":"status-publish","4":"has-post-thumbnail","6":"product_cat-catalogue","7":"product_cat-picture-book","8":"product_tag-emotions","9":"product_tag-friendship","10":"product_tag-help-us-to-think","12":"first","13":"instock","14":"product-type-simple"},"acf":[],"_links":{"self":[{"href":"https:\/\/www.nubeocho.com\/en\/wp-json\/wp\/v2\/product\/15623","targetHints":{"allow":["GET"]}}],"collection":[{"href":"https:\/\/www.nubeocho.com\/en\/wp-json\/wp\/v2\/product"}],"about":[{"href":"https:\/\/www.nubeocho.com\/en\/wp-json\/wp\/v2\/types\/product"}],"wp:featuredmedia":[{"embeddable":true,"href":"https:\/\/www.nubeocho.com\/en\/wp-json\/wp\/v2\/media\/15625"}],"wp:attachment":[{"href":"https:\/\/www.nubeocho.com\/en\/wp-json\/wp\/v2\/media?parent=15623"}],"wp:term":[{"taxonomy":"product_brand","embeddable":true,"href":"https:\/\/www.nubeocho.com\/en\/wp-json\/wp\/v2\/product_brand?post=15623"},{"taxonomy":"product_cat","embeddable":true,"href":"https:\/\/www.nubeocho.com\/en\/wp-json\/wp\/v2\/product_cat?post=15623"},{"taxonomy":"product_tag","embeddable":true,"href":"https:\/\/www.nubeocho.com\/en\/wp-json\/wp\/v2\/product_tag?post=15623"}],"curies":[{"name":"wp","href":"https:\/\/api.w.org\/{rel}","templated":true}]}}