{"id":15613,"date":"2017-09-13T13:18:12","date_gmt":"2017-09-13T11:18:12","guid":{"rendered":"https:\/\/www.nubeocho.com\/?post_type=product&#038;p=15613"},"modified":"2024-11-20T11:02:43","modified_gmt":"2024-11-20T10:02:43","slug":"el-pedo-mas-grande-del-mundo","status":"publish","type":"product","link":"https:\/\/www.nubeocho.com\/en\/product\/el-pedo-mas-grande-del-mundo\/","title":{"rendered":"El pedo m\u00e1s grande del mundo"},"content":{"rendered":"<p>El mono fue el que tuvo la idea de este gran concurso. Un concurso de pedos en la jungla, donde participar\u00e1n el elefante, el le\u00f3n, la cebra, el hipop\u00f3tamo, el rinoceronte. \u00bfQui\u00e9n ser\u00e1 el ganador?<\/p>\n","protected":false},"excerpt":{"rendered":"<p>La jungla va a celebrar un concurso &#8220;muy especial&#8221;. \u00bfQui\u00e9n ser\u00e1 el ganador?<\/p>\n","protected":false},"featured_media":15615,"template":"","meta":[],"product_brand":[],"product_cat":[619,626],"product_tag":[1630,1633,1624],"class_list":{"0":"post-15613","1":"product","2":"type-product","3":"status-publish","4":"has-post-thumbnail","6":"product_cat-catalogue","7":"product_cat-picture-book","8":"product_tag-great-successes-bestsellers","9":"product_tag-humor-en","10":"product_tag-scatological-books","12":"first","13":"instock","14":"product-type-simple"},"acf":[],"_links":{"self":[{"href":"https:\/\/www.nubeocho.com\/en\/wp-json\/wp\/v2\/product\/15613","targetHints":{"allow":["GET"]}}],"collection":[{"href":"https:\/\/www.nubeocho.com\/en\/wp-json\/wp\/v2\/product"}],"about":[{"href":"https:\/\/www.nubeocho.com\/en\/wp-json\/wp\/v2\/types\/product"}],"wp:featuredmedia":[{"embeddable":true,"href":"https:\/\/www.nubeocho.com\/en\/wp-json\/wp\/v2\/media\/15615"}],"wp:attachment":[{"href":"https:\/\/www.nubeocho.com\/en\/wp-json\/wp\/v2\/media?parent=15613"}],"wp:term":[{"taxonomy":"product_brand","embeddable":true,"href":"https:\/\/www.nubeocho.com\/en\/wp-json\/wp\/v2\/product_brand?post=15613"},{"taxonomy":"product_cat","embeddable":true,"href":"https:\/\/www.nubeocho.com\/en\/wp-json\/wp\/v2\/product_cat?post=15613"},{"taxonomy":"product_tag","embeddable":true,"href":"https:\/\/www.nubeocho.com\/en\/wp-json\/wp\/v2\/product_tag?post=15613"}],"curies":[{"name":"wp","href":"https:\/\/api.w.org\/{rel}","templated":true}]}}