{"id":15592,"date":"2017-06-13T16:56:59","date_gmt":"2017-06-13T14:56:59","guid":{"rendered":"https:\/\/www.nubeocho.com\/?post_type=product&#038;p=15592"},"modified":"2024-04-09T08:38:26","modified_gmt":"2024-04-09T06:38:26","slug":"la-siesta-perfecta","status":"publish","type":"product","link":"https:\/\/www.nubeocho.com\/en\/product\/la-siesta-perfecta\/","title":{"rendered":"La siesta perfecta"},"content":{"rendered":"<p>Hace mucho calor en la jungla y cuando llega una suave brisa, el jaguar quiere dormir una siesta. Entonces ve a un coat\u00ed y le pregunta: -\u00bfPodr\u00edas hacerme un favor? \u00bfPodr\u00edas despertarme exactamente en 10 minutos?<\/p>\n<p>Al coat\u00ed tambi\u00e9n le entra sue\u00f1o y le pide a una cacat\u00faa que le despierte en diez minutos. La cacat\u00faa solo encuentra a un oso perezoso&#8230;<\/p>\n<p>Prometer despertar a alguien puede ser una gran responsabilidad.<\/p>\n<p><a href=\"https:\/\/www.nubeocho.com\/wp-content\/uploads\/2017\/04\/Sin-ti\u0301tulo-1-copia.jpg\"><img loading=\"lazy\" decoding=\"async\" class=\"alignnone size-large wp-image-19778\" src=\"https:\/\/www.nubeocho.com\/wp-content\/uploads\/2017\/04\/Sin-ti\u0301tulo-1-copia-1024x214.jpg\" alt=\"\" width=\"1024\" height=\"214\" srcset=\"https:\/\/www.nubeocho.com\/wp-content\/uploads\/2017\/04\/Sin-ti\u0301tulo-1-copia-1024x214.jpg 1024w, https:\/\/www.nubeocho.com\/wp-content\/uploads\/2017\/04\/Sin-ti\u0301tulo-1-copia-300x63.jpg 300w, https:\/\/www.nubeocho.com\/wp-content\/uploads\/2017\/04\/Sin-ti\u0301tulo-1-copia-768x161.jpg 768w, https:\/\/www.nubeocho.com\/wp-content\/uploads\/2017\/04\/Sin-ti\u0301tulo-1-copia-320x67.jpg 320w, https:\/\/www.nubeocho.com\/wp-content\/uploads\/2017\/04\/Sin-ti\u0301tulo-1-copia-600x125.jpg 600w, https:\/\/www.nubeocho.com\/wp-content\/uploads\/2017\/04\/Sin-ti\u0301tulo-1-copia.jpg 1382w\" sizes=\"auto, (max-width: 1024px) 100vw, 1024px\" \/><\/a><\/p>\n","protected":false},"excerpt":{"rendered":"<p>\u00bfQui\u00e9n ser\u00e1 el encargado de despertar a todos los animales? Una divertid\u00edsima historia antes de dormir.<\/p>\n","protected":false},"featured_media":15594,"template":"","meta":[],"product_brand":[],"product_cat":[619,626],"product_tag":[1633],"class_list":{"0":"post-15592","1":"product","2":"type-product","3":"status-publish","4":"has-post-thumbnail","6":"colecciones-somos8-en","7":"edades-3-en","8":"product_cat-catalogue","9":"product_cat-picture-book","10":"product_tag-humor-en","12":"first","13":"instock","14":"product-type-simple"},"acf":[],"_links":{"self":[{"href":"https:\/\/www.nubeocho.com\/en\/wp-json\/wp\/v2\/product\/15592","targetHints":{"allow":["GET"]}}],"collection":[{"href":"https:\/\/www.nubeocho.com\/en\/wp-json\/wp\/v2\/product"}],"about":[{"href":"https:\/\/www.nubeocho.com\/en\/wp-json\/wp\/v2\/types\/product"}],"wp:featuredmedia":[{"embeddable":true,"href":"https:\/\/www.nubeocho.com\/en\/wp-json\/wp\/v2\/media\/15594"}],"wp:attachment":[{"href":"https:\/\/www.nubeocho.com\/en\/wp-json\/wp\/v2\/media?parent=15592"}],"wp:term":[{"taxonomy":"product_brand","embeddable":true,"href":"https:\/\/www.nubeocho.com\/en\/wp-json\/wp\/v2\/product_brand?post=15592"},{"taxonomy":"product_cat","embeddable":true,"href":"https:\/\/www.nubeocho.com\/en\/wp-json\/wp\/v2\/product_cat?post=15592"},{"taxonomy":"product_tag","embeddable":true,"href":"https:\/\/www.nubeocho.com\/en\/wp-json\/wp\/v2\/product_tag?post=15592"}],"curies":[{"name":"wp","href":"https:\/\/api.w.org\/{rel}","templated":true}]}}