{"id":15582,"date":"2017-06-13T12:51:12","date_gmt":"2017-06-13T10:51:12","guid":{"rendered":"https:\/\/www.nubeocho.com\/?post_type=product&#038;p=15582"},"modified":"2026-01-13T13:56:09","modified_gmt":"2026-01-13T12:56:09","slug":"una-avestruz-con-mucha-luz","status":"publish","type":"product","link":"https:\/\/www.nubeocho.com\/en\/product\/una-avestruz-con-mucha-luz\/","title":{"rendered":"Un avestruz con mucha luz"},"content":{"rendered":"<p>El avestruz Mariluz y sus dos amigas paseaban por la sabana. Los tres avestruces com\u00edan flores: &#8220;\u00f1am, \u00f1am, \u00f1am&#8221;. Se encontraron con tres leones que quer\u00edan com\u00e9rselas. \u00bfQu\u00e9 har\u00e1n los avestruces para salvarse?<\/p>\n","protected":false},"excerpt":{"rendered":"<p>Ven a conocer a Mariluz. Juntos contaremos animales: avestruces, leones que las persiguen&#8230; Y adem\u00e1s, un divertid\u00edsimo e inesperado final.<\/p>\n","protected":false},"featured_media":15583,"template":"","meta":[],"product_brand":[],"product_cat":[619,626],"product_tag":[1615,1633],"class_list":{"0":"post-15582","1":"product","2":"type-product","3":"status-publish","4":"has-post-thumbnail","6":"colecciones-somos8-en","7":"edades-3-en","8":"product_cat-catalogue","9":"product_cat-picture-book","10":"product_tag-diversity","11":"product_tag-humor-en","13":"first","14":"instock","15":"product-type-simple"},"acf":[],"_links":{"self":[{"href":"https:\/\/www.nubeocho.com\/en\/wp-json\/wp\/v2\/product\/15582","targetHints":{"allow":["GET"]}}],"collection":[{"href":"https:\/\/www.nubeocho.com\/en\/wp-json\/wp\/v2\/product"}],"about":[{"href":"https:\/\/www.nubeocho.com\/en\/wp-json\/wp\/v2\/types\/product"}],"wp:featuredmedia":[{"embeddable":true,"href":"https:\/\/www.nubeocho.com\/en\/wp-json\/wp\/v2\/media\/15583"}],"wp:attachment":[{"href":"https:\/\/www.nubeocho.com\/en\/wp-json\/wp\/v2\/media?parent=15582"}],"wp:term":[{"taxonomy":"product_brand","embeddable":true,"href":"https:\/\/www.nubeocho.com\/en\/wp-json\/wp\/v2\/product_brand?post=15582"},{"taxonomy":"product_cat","embeddable":true,"href":"https:\/\/www.nubeocho.com\/en\/wp-json\/wp\/v2\/product_cat?post=15582"},{"taxonomy":"product_tag","embeddable":true,"href":"https:\/\/www.nubeocho.com\/en\/wp-json\/wp\/v2\/product_tag?post=15582"}],"curies":[{"name":"wp","href":"https:\/\/api.w.org\/{rel}","templated":true}]}}