{"id":15573,"date":"2017-05-23T12:39:45","date_gmt":"2017-05-23T10:39:45","guid":{"rendered":"https:\/\/www.nubeocho.com\/?post_type=product&#038;p=15573"},"modified":"2023-07-24T09:28:33","modified_gmt":"2023-07-24T07:28:33","slug":"erizo-y-conejo-el-susto-del-viento","status":"publish","type":"product","link":"https:\/\/www.nubeocho.com\/en\/product\/erizo-y-conejo-el-susto-del-viento\/","title":{"rendered":"Erizo y Conejo: el susto del viento"},"content":{"rendered":"<p>Erizo y Conejo se dan un buen susto. El viento arrastra las hojas y ellos piensan que ha venido un monstruo. \u00bfC\u00f3mo se defender\u00e1n de \u00e9l? Pablo Albo nos narra una aventura divertid\u00edsima para los m\u00e1s peque\u00f1os. G\u00f3mez ilustra cada t\u00edtulo de la colecci\u00f3n.<\/p>\n","protected":false},"excerpt":{"rendered":"<p>Pablo Albo nos narra una aventura divertid\u00edsima para los m\u00e1s peque\u00f1os. G\u00f3mez ilustra cada t\u00edtulo de la colecci\u00f3n.<\/p>\n","protected":false},"featured_media":15574,"template":"","meta":[],"product_brand":[],"product_cat":[619,626],"product_tag":[1602],"class_list":{"0":"post-15573","1":"product","2":"type-product","3":"status-publish","4":"has-post-thumbnail","6":"colecciones-somos8-en","7":"edades-3-en","8":"product_cat-catalogue","9":"product_cat-picture-book","10":"product_tag-friendship","12":"first","13":"instock","14":"product-type-simple"},"acf":[],"_links":{"self":[{"href":"https:\/\/www.nubeocho.com\/en\/wp-json\/wp\/v2\/product\/15573","targetHints":{"allow":["GET"]}}],"collection":[{"href":"https:\/\/www.nubeocho.com\/en\/wp-json\/wp\/v2\/product"}],"about":[{"href":"https:\/\/www.nubeocho.com\/en\/wp-json\/wp\/v2\/types\/product"}],"wp:featuredmedia":[{"embeddable":true,"href":"https:\/\/www.nubeocho.com\/en\/wp-json\/wp\/v2\/media\/15574"}],"wp:attachment":[{"href":"https:\/\/www.nubeocho.com\/en\/wp-json\/wp\/v2\/media?parent=15573"}],"wp:term":[{"taxonomy":"product_brand","embeddable":true,"href":"https:\/\/www.nubeocho.com\/en\/wp-json\/wp\/v2\/product_brand?post=15573"},{"taxonomy":"product_cat","embeddable":true,"href":"https:\/\/www.nubeocho.com\/en\/wp-json\/wp\/v2\/product_cat?post=15573"},{"taxonomy":"product_tag","embeddable":true,"href":"https:\/\/www.nubeocho.com\/en\/wp-json\/wp\/v2\/product_tag?post=15573"}],"curies":[{"name":"wp","href":"https:\/\/api.w.org\/{rel}","templated":true}]}}